{"id":101,"date":"2026-04-05T10:02:20","date_gmt":"2026-04-05T10:02:20","guid":{"rendered":"https:\/\/docosmetics.ch\/shop\/?post_type=product&#038;p=101"},"modified":"2026-04-05T10:02:20","modified_gmt":"2026-04-05T10:02:20","slug":"hydra-intensive-cooling-masque-120g","status":"publish","type":"product","link":"https:\/\/docosmetics.ch\/shop\/produkt\/hydra-intensive-cooling-masque-120g\/","title":{"rendered":"iS Clinical Hydra-Intensive Cooling Masque (120g)"},"content":{"rendered":"<p><b>HYDRA-INTENSIVE COOLING MASQUE<\/b>\u00a0ist ein erfrischendes und belebendes Treatment, das die Haut k\u00fchlt und intensiv mit Feuchtigkeit versorgt. Die professionelle Rezeptur enth\u00e4lt pflanzliche Antioxidantien wie Centella Asiatica, Gr\u00fcntee Extrakt, Aloe Vera und Rosmarin Extrakt. Au\u00dferdem enth\u00e4lt die Masque pflanzlich gewonnene Hyalurons\u00e4ure \u2013 die beste Hydrierung f\u00fcr die Haut. Nach der Anwendung ist die Haut frisch, hydriert und beruhigt.<\/p>\n<p>WIRKUNGSWEISE<\/p>\n<ul>\n<li>Bietet intensive Hydrierung<\/li>\n<li>K\u00fchlt und beruhigt trockene, gereizte und gesch\u00e4digte Haut<\/li>\n<li>Hilft leichte Akne zu reduzieren<\/li>\n<li>Optimal f\u00fcr die Linderung von Sonnenbrand\/ Erythema<\/li>\n<li>F\u00fcr M\u00e4nner angenehm nach der Rasur<\/li>\n<li>Revitalisiert alternde und belastete Haut<\/li>\n<li>Parabenfrei<\/li>\n<\/ul>\n<p>Pflanzliche Hyalurons\u00e4ure 5,0%<br \/>\nBindet bis zu 1800-fache seines Molekulargewichts in Wasser.<\/p>\n<p>Aloe Vera 3,0%<br \/>\nF\u00f6rdert die Wundheilung, die Kollagensynthese und enth\u00e4lt antimikrobielle Eigenschaften.<\/p>\n<p>Rosmarinblatt-Extrakt 1,0%<br \/>\nNat\u00fcrliches Antibiotikum, wirkt entz\u00fcndungshemmend und antioxidativ.<\/p>\n<p>Japanischer Gr\u00fcntee-Extrakt 1.0 %<br \/>\nPflanzen\u00f6l aus den Samen des Teebaumstrauches. Antibakterieller, hautberuhigender Radikalf\u00e4nger<\/p>\n<p>Centella Asiatica 1,0%<br \/>\nWirkt sehr stark antioxidativ und beruhigend.<\/p>\n","protected":false},"excerpt":{"rendered":"<p>HYDRA-INTENSIVE COOLING MASQUE\u00a0ist ein erfrischendes und belebendes Treatment, das die Haut k\u00fchlt und intensiv mit Feuchtigkeit versorgt. Die professionelle Rezeptur enth\u00e4lt pflanzliche Antioxidantien wie Centella Asiatica, Gr\u00fcntee Extrakt, Aloe Vera und Rosmarin Extrakt. Au\u00dferdem enth\u00e4lt die Masque pflanzlich gewonnene Hyalurons\u00e4ure \u2013 die beste Hydrierung f\u00fcr die Haut. Nach der Anwendung ist die Haut frisch, hydriert [&hellip;]<\/p>\n","protected":false},"featured_media":102,"template":"","meta":[],"product_brand":[25],"product_cat":[22],"product_tag":[],"class_list":{"0":"post-101","1":"product","2":"type-product","3":"status-publish","4":"has-post-thumbnail","6":"product_brand-is-clinical","7":"product_cat-korrektur","9":"first","10":"instock","11":"shipping-taxable","12":"purchasable","13":"product-type-simple"},"_links":{"self":[{"href":"https:\/\/docosmetics.ch\/shop\/wp-json\/wp\/v2\/product\/101","targetHints":{"allow":["GET"]}}],"collection":[{"href":"https:\/\/docosmetics.ch\/shop\/wp-json\/wp\/v2\/product"}],"about":[{"href":"https:\/\/docosmetics.ch\/shop\/wp-json\/wp\/v2\/types\/product"}],"wp:featuredmedia":[{"embeddable":true,"href":"https:\/\/docosmetics.ch\/shop\/wp-json\/wp\/v2\/media\/102"}],"wp:attachment":[{"href":"https:\/\/docosmetics.ch\/shop\/wp-json\/wp\/v2\/media?parent=101"}],"wp:term":[{"taxonomy":"product_brand","embeddable":true,"href":"https:\/\/docosmetics.ch\/shop\/wp-json\/wp\/v2\/product_brand?post=101"},{"taxonomy":"product_cat","embeddable":true,"href":"https:\/\/docosmetics.ch\/shop\/wp-json\/wp\/v2\/product_cat?post=101"},{"taxonomy":"product_tag","embeddable":true,"href":"https:\/\/docosmetics.ch\/shop\/wp-json\/wp\/v2\/product_tag?post=101"}],"curies":[{"name":"wp","href":"https:\/\/api.w.org\/{rel}","templated":true}]}}