{"id":108,"date":"2026-04-05T10:02:20","date_gmt":"2026-04-05T10:02:20","guid":{"rendered":"https:\/\/docosmetics.ch\/shop\/?post_type=product&#038;p=108"},"modified":"2026-04-05T10:02:20","modified_gmt":"2026-04-05T10:02:20","slug":"is-clinical-youth-eye-complex","status":"publish","type":"product","link":"https:\/\/docosmetics.ch\/shop\/produkt\/is-clinical-youth-eye-complex\/","title":{"rendered":"iS Clinical YOUTH EYE COMPLEX (15 g)"},"content":{"rendered":"<p>Der\u00a0<i><b>YOUTH EYE\u2122 COMPLEX i<\/b><\/i>st eine bahnbrechende Formel, die sich \u201eintelligenter Proteine\u201c bedient, um die Zeichen der Hautalterung auf Zellebene zu bek\u00e4mpfen. Es ist klinisch erwiesen, dass diese Proteine auf gesch\u00e4digte Hautpartien abzielen und dabei helfen, diese zu regenerieren. Die Hautstruktur wird gefestigt und die Bildung von Kollagen und Elastin angeregt. Die Haut wird dadurch belastbarer und widerstandsf\u00e4higer gegen Sch\u00e4digungen. Wirkungsvolle Peptide, wichtige Wachstumsfaktoren und potente Antioxidantien reduzieren im Handumdrehen Falten, Schwellungen und dunkle Augenringe, um die Haut den ganzen Tag lang mit Feuchtigkeit zu versorgen und ihr Schutz zu bieten.<\/p>\n<p>WIRKUNGSWEISE<\/p>\n<ul>\n<li>Spendet eindringende Feuchtigkeit<\/li>\n<li>Reduziert feine Linien und Falten um die Augenh\u00f6hle herum (inklusive Kr\u00e4henf\u00fc\u00dfe)<\/li>\n<li>Erzielt sofortige und langfristige Verbesserungen<\/li>\n<li>Verbessert die Straffheit und Elastizit\u00e4t<\/li>\n<li>Hilft dunkle Augenringe aufzuhellen<\/li>\n<li>Hervorragend f\u00fcr die Lippenpartie geeignet<\/li>\n<li>Parabenfrei<\/li>\n<\/ul>\n<p>Pflanzliche Hyalurons\u00e4ure 15,0%<br \/>\nBindet bis zu 1800-fache seines Molekulargewichts in Wasser.<\/p>\n<p>Acetyl Octapeptide-3 5.0 %<br \/>\nReduziert Mimikfalten durch neuromuskul\u00e4re Entspannung.<\/p>\n<p>Copper Tripeptid (Wachstumsfaktor)<br \/>\nStimuliert die Produktion von Kollagen (klinisch gepf\u00fcft). Die Hautstruktur wird wiederhergestellt und F\u00e4ltchen \u00fcber die Zeit gl\u00e4ttet.\u00a0Pseudoalteromonas Ferment Extrakt 3.0 %<br \/>\nF\u00f6rdert die Kollagensynthese und st\u00e4rkt die Dermis.<\/p>\n","protected":false},"excerpt":{"rendered":"<p>Der\u00a0YOUTH EYE\u2122 COMPLEX ist eine bahnbrechende Formel, die sich \u201eintelligenter Proteine\u201c bedient, um die Zeichen der Hautalterung auf Zellebene zu bek\u00e4mpfen. Es ist klinisch erwiesen, dass diese Proteine auf gesch\u00e4digte Hautpartien abzielen und dabei helfen, diese zu regenerieren. Die Hautstruktur wird gefestigt und die Bildung von Kollagen und Elastin angeregt. Die Haut wird dadurch belastbarer [&hellip;]<\/p>\n","protected":false},"featured_media":109,"template":"","meta":[],"product_brand":[25],"product_cat":[22],"product_tag":[],"class_list":{"0":"post-108","1":"product","2":"type-product","3":"status-publish","4":"has-post-thumbnail","6":"product_brand-is-clinical","7":"product_cat-korrektur","9":"first","10":"instock","11":"shipping-taxable","12":"purchasable","13":"product-type-simple"},"_links":{"self":[{"href":"https:\/\/docosmetics.ch\/shop\/wp-json\/wp\/v2\/product\/108","targetHints":{"allow":["GET"]}}],"collection":[{"href":"https:\/\/docosmetics.ch\/shop\/wp-json\/wp\/v2\/product"}],"about":[{"href":"https:\/\/docosmetics.ch\/shop\/wp-json\/wp\/v2\/types\/product"}],"wp:featuredmedia":[{"embeddable":true,"href":"https:\/\/docosmetics.ch\/shop\/wp-json\/wp\/v2\/media\/109"}],"wp:attachment":[{"href":"https:\/\/docosmetics.ch\/shop\/wp-json\/wp\/v2\/media?parent=108"}],"wp:term":[{"taxonomy":"product_brand","embeddable":true,"href":"https:\/\/docosmetics.ch\/shop\/wp-json\/wp\/v2\/product_brand?post=108"},{"taxonomy":"product_cat","embeddable":true,"href":"https:\/\/docosmetics.ch\/shop\/wp-json\/wp\/v2\/product_cat?post=108"},{"taxonomy":"product_tag","embeddable":true,"href":"https:\/\/docosmetics.ch\/shop\/wp-json\/wp\/v2\/product_tag?post=108"}],"curies":[{"name":"wp","href":"https:\/\/api.w.org\/{rel}","templated":true}]}}