{"id":112,"date":"2026-04-05T10:02:20","date_gmt":"2026-04-05T10:02:20","guid":{"rendered":"https:\/\/docosmetics.ch\/shop\/?post_type=product&#038;p=112"},"modified":"2026-04-05T10:02:20","modified_gmt":"2026-04-05T10:02:20","slug":"is-clinical-youth-serum","status":"publish","type":"product","link":"https:\/\/docosmetics.ch\/shop\/produkt\/is-clinical-youth-serum\/","title":{"rendered":"iS Clinical YOUTH SERUM (30g)"},"content":{"rendered":"<p>Mit\u00a0<b>YOUTH SERUM<\/b>\u00a0wird die Haut sofort sichtbar gegl\u00e4ttet und Falten werden langfristig drastisch reduziert. Zerst\u00f6rtes Gewebe wird repariert, die dermale Struktur gest\u00e4rkt und feine Linien gegl\u00e4ttet. Zugleich baut\u00a0<b>YOUTH SERUM<\/b>\u00a0mit nat\u00fcrlichen Wachstumsfaktoren zerst\u00f6rtes Kollagen wieder auf und reduziert Falten somit langfristig. Die patentierte Extremozyme-Technologie umfasst die besondere Zusammenstellung potenter Wirkstoffe wie Antioxidantien, Vitamin A, C, E und Centalla Asiatica. Das Ergebnis ist ein jugendlicher, lebendiger und straffer Teint.<\/p>\n<p>&nbsp;<\/p>\n<p><b>Extremozyme \u2013 Eine Kombination von extremophilen Enzymen 3,0%\u00a0<\/b>um Proteine \/ DNA der Zellen zu sch\u00fctzen und zu reparieren.<\/p>\n<p><b>Kupfer-Tripeptid-Wachstumsfaktor (bioidentisch)\u00a0<\/b>Stimuliert die Kollagensynthese, Fibroplasten werden erh\u00f6ht. Reguliert die Wundheilung und st\u00e4rkt die Tumorabwehr.<\/p>\n<p><b>Vitamin A, C &amp; E Mischung, in einem Liposom eingekapselt 1,5%\u00a0<\/b>Antioxidantien, erleichtern die Aufnahme von Vitaminen.<\/p>\n<p><b>Tigergras, Centella Asiatica 0,3%\u00a0<\/b>Stimuliert die Kollagensynthese und regt die Mikrozirkulation an. F\u00f6rdert die Wundheilung und reduziert die Narbenbildung.<\/p>\n","protected":false},"excerpt":{"rendered":"<p>Mit\u00a0YOUTH SERUM\u00a0wird die Haut sofort sichtbar gegl\u00e4ttet und Falten werden langfristig drastisch reduziert. Zerst\u00f6rtes Gewebe wird repariert, die dermale Struktur gest\u00e4rkt und feine Linien gegl\u00e4ttet. Zugleich baut\u00a0YOUTH SERUM\u00a0mit nat\u00fcrlichen Wachstumsfaktoren zerst\u00f6rtes Kollagen wieder auf und reduziert Falten somit langfristig. Die patentierte Extremozyme-Technologie umfasst die besondere Zusammenstellung potenter Wirkstoffe wie Antioxidantien, Vitamin A, C, E und [&hellip;]<\/p>\n","protected":false},"featured_media":113,"template":"","meta":[],"product_brand":[25],"product_cat":[22],"product_tag":[],"class_list":{"0":"post-112","1":"product","2":"type-product","3":"status-publish","4":"has-post-thumbnail","6":"product_brand-is-clinical","7":"product_cat-korrektur","9":"first","10":"instock","11":"shipping-taxable","12":"purchasable","13":"product-type-simple"},"_links":{"self":[{"href":"https:\/\/docosmetics.ch\/shop\/wp-json\/wp\/v2\/product\/112","targetHints":{"allow":["GET"]}}],"collection":[{"href":"https:\/\/docosmetics.ch\/shop\/wp-json\/wp\/v2\/product"}],"about":[{"href":"https:\/\/docosmetics.ch\/shop\/wp-json\/wp\/v2\/types\/product"}],"wp:featuredmedia":[{"embeddable":true,"href":"https:\/\/docosmetics.ch\/shop\/wp-json\/wp\/v2\/media\/113"}],"wp:attachment":[{"href":"https:\/\/docosmetics.ch\/shop\/wp-json\/wp\/v2\/media?parent=112"}],"wp:term":[{"taxonomy":"product_brand","embeddable":true,"href":"https:\/\/docosmetics.ch\/shop\/wp-json\/wp\/v2\/product_brand?post=112"},{"taxonomy":"product_cat","embeddable":true,"href":"https:\/\/docosmetics.ch\/shop\/wp-json\/wp\/v2\/product_cat?post=112"},{"taxonomy":"product_tag","embeddable":true,"href":"https:\/\/docosmetics.ch\/shop\/wp-json\/wp\/v2\/product_tag?post=112"}],"curies":[{"name":"wp","href":"https:\/\/api.w.org\/{rel}","templated":true}]}}