{"id":136,"date":"2026-04-05T10:02:20","date_gmt":"2026-04-05T10:02:20","guid":{"rendered":"https:\/\/docosmetics.ch\/shop\/produkt\/is-clinical-cleansing-complex-180ml\/"},"modified":"2026-04-05T10:02:20","modified_gmt":"2026-04-05T10:02:20","slug":"is-clinical-cleansing-complex-180ml","status":"publish","type":"product","link":"https:\/\/docosmetics.ch\/shop\/produkt\/is-clinical-cleansing-complex-180ml\/","title":{"rendered":"iS Clinical CLEANSING COMPLEX (180ml)"},"content":{"rendered":"<p>Dieses klare, leichte Reinigungsgel ist wirkungsvoll und dennoch schonend genug f\u00fcr \u00fcberempfindliche Haut. Der&nbsp;<i><b>CLEANSING COMPLEX<\/b><\/i>&nbsp;enth\u00e4lt ausgewogene Pflanzenn\u00e4hrstoffe, Antioxidantien und milde, hauterneuernde Inhaltsstoffe, die die Oberfl\u00e4che und die Poren der Haut gr\u00fcndlich reinigen, ohne sie ihrer nat\u00fcrlichen essentiellen \u00d6le zu berauben. Gleichzeitig wird die Haut weich und geschmeidig. Der&nbsp;<i><b>CLEANSING COMPLEX&nbsp;<\/b><\/i>ist ein exzellenter Behandlungsschritt w\u00e4hrend einer professionellen Gesichtsbehandlung und ist au\u00dferdem geeignet f\u00fcr eine effektive Make-up-Entfernung. Dieses Produkt ist f\u00fcr alle Hauttypen und jedes Alter geeignet und hilft sogar bei der Behandlung von Akne.<\/p>\n<p>WIRKUNGSWEISE<\/p>\n<ul>\n<li>Reinigt die Haut porentief, ohne sie auszutrocknen<\/li>\n<li>Hilft dabei, den Ausbruch von Akne zu verhindern<\/li>\n<li>Verfeinert die Poren<\/li>\n<li>Macht die Haut weich und geschmeidig<\/li>\n<li>Perfekt geeignet zum Rasieren<\/li>\n<li>Parabenfrei<\/li>\n<\/ul>\n<p>Silberweiden-Rindenextrakt 0,5%<br \/>F\u00f6rdert die Zellerneuerung, mildert Entz\u00fcndungen\/ R\u00f6tungen.<\/p>\n<p><span>Zuckerrohr (Saccharum Officinarum) 0,4%<\/span><br \/>Glycols\u00e4ure, f\u00f6rdert die Exfoliation der Stratum Corneum.<\/p>\n<p><span>Kamillenbl\u00fctenextrakt 0,2%<\/span><br \/>Wirkt hochwirksam antioxidativ und beruhigend.<\/p>\n<p><span>Centella Asiatica 0,1%<\/span><br \/>Wirkt hochwirksam antioxidativ und beruhigend.<\/p>\n","protected":false},"excerpt":{"rendered":"<p>Dieses klare, leichte Reinigungsgel ist wirkungsvoll und dennoch schonend genug f\u00fcr \u00fcberempfindliche Haut. Der&nbsp;CLEANSING COMPLEX&nbsp;enth\u00e4lt ausgewogene Pflanzenn\u00e4hrstoffe, Antioxidantien und milde, hauterneuernde Inhaltsstoffe, die die Oberfl\u00e4che und die Poren der Haut gr\u00fcndlich reinigen, ohne sie ihrer nat\u00fcrlichen essentiellen \u00d6le zu berauben. Gleichzeitig wird die Haut weich und geschmeidig. Der&nbsp;CLEANSING COMPLEX&nbsp;ist ein exzellenter Behandlungsschritt w\u00e4hrend einer professionellen [&hellip;]<\/p>\n","protected":false},"featured_media":135,"template":"","meta":[],"product_brand":[25],"product_cat":[21],"product_tag":[],"class_list":{"0":"post-136","1":"product","2":"type-product","3":"status-publish","4":"has-post-thumbnail","6":"product_brand-is-clinical","7":"product_cat-reinigung","9":"first","10":"instock","11":"shipping-taxable","12":"purchasable","13":"product-type-simple"},"_links":{"self":[{"href":"https:\/\/docosmetics.ch\/shop\/wp-json\/wp\/v2\/product\/136","targetHints":{"allow":["GET"]}}],"collection":[{"href":"https:\/\/docosmetics.ch\/shop\/wp-json\/wp\/v2\/product"}],"about":[{"href":"https:\/\/docosmetics.ch\/shop\/wp-json\/wp\/v2\/types\/product"}],"wp:featuredmedia":[{"embeddable":true,"href":"https:\/\/docosmetics.ch\/shop\/wp-json\/wp\/v2\/media\/135"}],"wp:attachment":[{"href":"https:\/\/docosmetics.ch\/shop\/wp-json\/wp\/v2\/media?parent=136"}],"wp:term":[{"taxonomy":"product_brand","embeddable":true,"href":"https:\/\/docosmetics.ch\/shop\/wp-json\/wp\/v2\/product_brand?post=136"},{"taxonomy":"product_cat","embeddable":true,"href":"https:\/\/docosmetics.ch\/shop\/wp-json\/wp\/v2\/product_cat?post=136"},{"taxonomy":"product_tag","embeddable":true,"href":"https:\/\/docosmetics.ch\/shop\/wp-json\/wp\/v2\/product_tag?post=136"}],"curies":[{"name":"wp","href":"https:\/\/api.w.org\/{rel}","templated":true}]}}