{"id":142,"date":"2026-04-05T10:02:19","date_gmt":"2026-04-05T10:02:19","guid":{"rendered":"https:\/\/docosmetics.ch\/shop\/produkt\/is-clinical-cream-cleanser-120ml\/"},"modified":"2026-04-05T10:02:19","modified_gmt":"2026-04-05T10:02:19","slug":"is-clinical-cream-cleanser-120ml","status":"publish","type":"product","link":"https:\/\/docosmetics.ch\/shop\/produkt\/is-clinical-cream-cleanser-120ml\/","title":{"rendered":"iS Clinical CREAM CLEANSER (120ml)"},"content":{"rendered":"<p>Diese leichte, feuchtigkeitsspendende Reinigungscreme ist wirkungsvoll und dennoch schonend genug f\u00fcr die Anwendung auf trockener, \u00fcberempfindlicher Haut. Der CREAM CLEANSER kombiniert Pflanzenn\u00e4hrstoffe, Antioxidantien und entz\u00fcndungshemmende Inhaltsstoffe, die die Oberfl\u00e4che und die Poren der Haut gr\u00fcndlich reinigen, w\u00e4hrend sie gleichzeitig trockene und irritierte Hautpartien beruhigen. Die Haut wird sp\u00fcrbar erfrischt, mit Feuchtigkeit versorgt und gereinigt. Der CREAM CLEANSER wirkt sogar bei den schwierigsten Hauterkrankungen.<\/p>\n<p>WIRKUNGSWEISE<br \/>Reinigt die Haut porentief, ohne sie auszutrocknen Kann sowohl mit als auch ohne Wasser m\u00fchelos entfernt werden Perfekt geeignet zum Entfernen von Make-up Die Haut f\u00fchlt sich seidig weich an und wird mit Feuchtigkeit versorgt Parabenfrei &nbsp; <br \/>Distelkern\u00f6l (Carthemus Tinctorius) 6.0 %<br \/> Wirkt entz\u00fcndungshemmend und reguliert die Sebum-Produktion. Verbessert wesentlich die Wirkstoffaufnahme. Bindet Schmutz und \u00d6le und ist daher f\u00fcr zu Akne neigende Haut geeignet.Glycerin 5,0% &amp; Squalane<br \/> F\u00f6rdert die Heilung der Hautzellen. Erh\u00e4lt die nat\u00fcrliche Hautbarriere und unterst\u00fctzt die gesunde Hautfunktion. Kokosnuss-\u00d6l (Cocos Nucifera) 2,0% <br \/> Starke antibakterielle, antimykotische und antimikrobielle Wirkung. Kokosnuss-\u00d6lextrakte f\u00f6rdern die Heilung und haben feuchtigkeitsbindende Eigenschaften.<\/p>\n","protected":false},"excerpt":{"rendered":"<p>Diese leichte, feuchtigkeitsspendende Reinigungscreme ist wirkungsvoll und dennoch schonend genug f\u00fcr die Anwendung auf trockener, \u00fcberempfindlicher Haut. Der CREAM CLEANSER kombiniert Pflanzenn\u00e4hrstoffe, Antioxidantien und entz\u00fcndungshemmende Inhaltsstoffe, die die Oberfl\u00e4che und die Poren der Haut gr\u00fcndlich reinigen, w\u00e4hrend sie gleichzeitig trockene und irritierte Hautpartien beruhigen. Die Haut wird sp\u00fcrbar erfrischt, mit Feuchtigkeit versorgt und gereinigt. Der [&hellip;]<\/p>\n","protected":false},"featured_media":141,"template":"","meta":[],"product_brand":[25],"product_cat":[21],"product_tag":[],"class_list":{"0":"post-142","1":"product","2":"type-product","3":"status-publish","4":"has-post-thumbnail","6":"product_brand-is-clinical","7":"product_cat-reinigung","9":"first","10":"instock","11":"shipping-taxable","12":"purchasable","13":"product-type-simple"},"_links":{"self":[{"href":"https:\/\/docosmetics.ch\/shop\/wp-json\/wp\/v2\/product\/142","targetHints":{"allow":["GET"]}}],"collection":[{"href":"https:\/\/docosmetics.ch\/shop\/wp-json\/wp\/v2\/product"}],"about":[{"href":"https:\/\/docosmetics.ch\/shop\/wp-json\/wp\/v2\/types\/product"}],"wp:featuredmedia":[{"embeddable":true,"href":"https:\/\/docosmetics.ch\/shop\/wp-json\/wp\/v2\/media\/141"}],"wp:attachment":[{"href":"https:\/\/docosmetics.ch\/shop\/wp-json\/wp\/v2\/media?parent=142"}],"wp:term":[{"taxonomy":"product_brand","embeddable":true,"href":"https:\/\/docosmetics.ch\/shop\/wp-json\/wp\/v2\/product_brand?post=142"},{"taxonomy":"product_cat","embeddable":true,"href":"https:\/\/docosmetics.ch\/shop\/wp-json\/wp\/v2\/product_cat?post=142"},{"taxonomy":"product_tag","embeddable":true,"href":"https:\/\/docosmetics.ch\/shop\/wp-json\/wp\/v2\/product_tag?post=142"}],"curies":[{"name":"wp","href":"https:\/\/api.w.org\/{rel}","templated":true}]}}