{"id":144,"date":"2026-04-05T10:02:19","date_gmt":"2026-04-05T10:02:19","guid":{"rendered":"https:\/\/docosmetics.ch\/shop\/produkt\/is-clinical-warming-honey-cleanser-120g\/"},"modified":"2026-04-05T10:02:19","modified_gmt":"2026-04-05T10:02:19","slug":"is-clinical-warming-honey-cleanser-120g","status":"publish","type":"product","link":"https:\/\/docosmetics.ch\/shop\/produkt\/is-clinical-warming-honey-cleanser-120g\/","title":{"rendered":"iS Clinical WARMING HONEY CLEANSER (120g)"},"content":{"rendered":"<p>Diese reichhaltige und luxuri\u00f6se Kombination aus nat\u00fcrlichem Honig, Papaya-Enzymen und Gr\u00fcnteeextrakt w\u00e4rmt beim Auftragen und bietet ein sensationelles Reinigungserlebnis. Die spezielle Rezeptur exfoliert sanft und reinigt Haut und Poren intensiv.&nbsp;&nbsp;<\/p>\n<p>WIRKUNGSWEISE<\/p>\n<ul>\n<li>&nbsp;Tiefenreinigung<\/li>\n<li>&nbsp;Minimiert Porengr\u00f6\u00dfe<\/li>\n<li>&nbsp;Leistungsstarke antimikrobielle, antibakterielle und antimykotische Wirkung<\/li>\n<li>&nbsp;Sch\u00fctzt mit nat\u00fcrlichen Ceramiden<\/li>\n<li>&nbsp;Hilft Akne zu kontrollieren<\/li>\n<li>&nbsp;Reichhaltiges, luxuri\u00f6ses Honig-Gel<\/li>\n<li>&nbsp;Parabenfrei<\/li>\n<\/ul>\n<p><span>Glycerin 8.0%<\/span><br \/>Notwendig f\u00fcr die richtige Barrierefunktion, f\u00f6rdert die Heilung und Entwicklung der gesunden Hautzellen. Wirkt als Signalmittel f\u00fcr die normale Reifung der Hautzellen.<\/p>\n<p><span>Honig<\/span><br \/>Enth\u00e4lt Aminos\u00e4uren, Vitamine und Antioxidantien, die gegen Akne helfen.<\/p>\n<p><span>Papaya (Papain) Enzyme<\/span><br \/>Das Papaya Enzym wirkt als Peeling.<\/p>\n<p><span>Japanischer Gr\u00fcntee-Extrakt<\/span><br \/>Pflanzen\u00f6l aus den Samen des Teebaumstrauches. Antibakterieller, hautberuhigender Radikalf\u00e4nger<\/p>\n","protected":false},"excerpt":{"rendered":"<p>Diese reichhaltige und luxuri\u00f6se Kombination aus nat\u00fcrlichem Honig, Papaya-Enzymen und Gr\u00fcnteeextrakt w\u00e4rmt beim Auftragen und bietet ein sensationelles Reinigungserlebnis. Die spezielle Rezeptur exfoliert sanft und reinigt Haut und Poren intensiv.&nbsp;&nbsp; WIRKUNGSWEISE &nbsp;Tiefenreinigung &nbsp;Minimiert Porengr\u00f6\u00dfe &nbsp;Leistungsstarke antimikrobielle, antibakterielle und antimykotische Wirkung &nbsp;Sch\u00fctzt mit nat\u00fcrlichen Ceramiden &nbsp;Hilft Akne zu kontrollieren &nbsp;Reichhaltiges, luxuri\u00f6ses Honig-Gel &nbsp;Parabenfrei Glycerin 8.0%Notwendig f\u00fcr [&hellip;]<\/p>\n","protected":false},"featured_media":143,"template":"","meta":[],"product_brand":[25],"product_cat":[21],"product_tag":[],"class_list":{"0":"post-144","1":"product","2":"type-product","3":"status-publish","4":"has-post-thumbnail","6":"product_brand-is-clinical","7":"product_cat-reinigung","9":"first","10":"instock","11":"shipping-taxable","12":"purchasable","13":"product-type-simple"},"_links":{"self":[{"href":"https:\/\/docosmetics.ch\/shop\/wp-json\/wp\/v2\/product\/144","targetHints":{"allow":["GET"]}}],"collection":[{"href":"https:\/\/docosmetics.ch\/shop\/wp-json\/wp\/v2\/product"}],"about":[{"href":"https:\/\/docosmetics.ch\/shop\/wp-json\/wp\/v2\/types\/product"}],"wp:featuredmedia":[{"embeddable":true,"href":"https:\/\/docosmetics.ch\/shop\/wp-json\/wp\/v2\/media\/143"}],"wp:attachment":[{"href":"https:\/\/docosmetics.ch\/shop\/wp-json\/wp\/v2\/media?parent=144"}],"wp:term":[{"taxonomy":"product_brand","embeddable":true,"href":"https:\/\/docosmetics.ch\/shop\/wp-json\/wp\/v2\/product_brand?post=144"},{"taxonomy":"product_cat","embeddable":true,"href":"https:\/\/docosmetics.ch\/shop\/wp-json\/wp\/v2\/product_cat?post=144"},{"taxonomy":"product_tag","embeddable":true,"href":"https:\/\/docosmetics.ch\/shop\/wp-json\/wp\/v2\/product_tag?post=144"}],"curies":[{"name":"wp","href":"https:\/\/api.w.org\/{rel}","templated":true}]}}