{"id":150,"date":"2026-04-05T10:02:19","date_gmt":"2026-04-05T10:02:19","guid":{"rendered":"https:\/\/docosmetics.ch\/shop\/produkt\/is-clinical-active-serum-30ml\/"},"modified":"2026-04-05T10:02:19","modified_gmt":"2026-04-05T10:02:19","slug":"is-clinical-active-serum-30ml","status":"publish","type":"product","link":"https:\/\/docosmetics.ch\/shop\/produkt\/is-clinical-active-serum-30ml\/","title":{"rendered":"iS Clinical ACTIVE SERUM (30ml)"},"content":{"rendered":"<p>Dieses Produkt ist unser beliebtestes. Die schnell wirkende, langfristige und ergebnisorientierte Formel verringert die Erscheinung von feinen Linien und Falten, hinterl\u00e4sst einen ebenm\u00e4\u00dfigen Teint und hilft hervorragend bei Akne. Das&nbsp;<i><b>ACTIVE SERUM\u2122&nbsp;<\/b><\/i>wird von Medizinern als \u201eau\u00dfergew\u00f6hnlich\u201c und \u201eph\u00e4nomenal\u201c angepriesen und liefert schon nach wenigen Tagen Ergebnisse. Die starke Wirksamkeit wird nach dem Auftragen durch ein k\u00fchles, kribbelndes Gef\u00fchl erkennbar, was darauf hindeutet, dass es in die Haut eindringt. Dieses wirksame pflanzliche Serum ist hervorragend geeignet f\u00fcr alle Hauttypen und jedes Alter und trocknet die Haut nicht aus. Stattdessen wird die Haut gepflegt und gegl\u00e4ttet.<\/p>\n<p>WIRKUNGSWEISE<\/p>\n<ul>\n<li>Verringert die Erscheinung von feinen Linien und Falten<\/li>\n<li>Reduziert die Erscheinung von Hyperpigmentierung und Akne<\/li>\n<li>Gl\u00e4ttet und pflegt die Haut<\/li>\n<li>Verkleinert die Poren und regt die Kollagensynthese an<\/li>\n<li>Sorgt sowohl f\u00fcr schnelle als auch langfristige Ergebnisse<\/li>\n<li>Parabenfrei<\/li>\n<\/ul>\n<p>&nbsp;<\/p>\n<p><span>Zuckerrohr, Glycol Sa\u0308ure 8,0%<\/span><\/p>\n<p>Fo\u0308rdert die Exfoliation der Startum Corneum.<\/p>\n<p>&nbsp;<\/p>\n<p><span>Silberweidenrinden Extrakt, Salicylsa\u0308ure 0,5 %<\/span><\/p>\n<p><span>Fo\u0308rdert die Zellerneuerung, mildert Entzu\u0308ndungen\/ Ro\u0308tungen.<\/span><\/p>\n<p><span><br \/><\/span><\/p>\n<p><span>Heidelbeerextrakt, Milchsa\u0308ure 2,0%<\/span><\/p>\n<p><span>Abtragende Eigenschaft mit feuchtigkeitsspendendem Effekt. Verbessert die Exfoliation der Stratum Corneum.<\/span><\/p>\n<p><span><br \/><\/span><span>Arbutin 1,0%<br \/><\/span><span>Hemmt die Tyrosinasebildung (Melanin- Pigmentierungsenzym).<\/span><\/p>\n<p><span><br \/><\/span><\/p>\n<p><span>Kojisa\u0308ure Eichhase, wa\u0308rmeliebende Pilzart, (Polyporus Umbellatus) 0,5%<\/span><\/p>\n<p><span>Hemmt Tyrosinase, ein Melanin-produzierendes Enzym, was Hyperpig<\/span><span>m<\/span><span>entierung steuert. Zeigt starke antibakterielle, antimikrobielle und antibiotische Eigenschaften.<\/span><\/p>\n","protected":false},"excerpt":{"rendered":"<p>Dieses Produkt ist unser beliebtestes. Die schnell wirkende, langfristige und ergebnisorientierte Formel verringert die Erscheinung von feinen Linien und Falten, hinterl\u00e4sst einen ebenm\u00e4\u00dfigen Teint und hilft hervorragend bei Akne. Das&nbsp;ACTIVE SERUM\u2122&nbsp;wird von Medizinern als \u201eau\u00dfergew\u00f6hnlich\u201c und \u201eph\u00e4nomenal\u201c angepriesen und liefert schon nach wenigen Tagen Ergebnisse. Die starke Wirksamkeit wird nach dem Auftragen durch ein k\u00fchles, [&hellip;]<\/p>\n","protected":false},"featured_media":149,"template":"","meta":[],"product_brand":[25],"product_cat":[22],"product_tag":[],"class_list":{"0":"post-150","1":"product","2":"type-product","3":"status-publish","4":"has-post-thumbnail","6":"product_brand-is-clinical","7":"product_cat-korrektur","9":"first","10":"instock","11":"shipping-taxable","12":"purchasable","13":"product-type-simple"},"_links":{"self":[{"href":"https:\/\/docosmetics.ch\/shop\/wp-json\/wp\/v2\/product\/150","targetHints":{"allow":["GET"]}}],"collection":[{"href":"https:\/\/docosmetics.ch\/shop\/wp-json\/wp\/v2\/product"}],"about":[{"href":"https:\/\/docosmetics.ch\/shop\/wp-json\/wp\/v2\/types\/product"}],"wp:featuredmedia":[{"embeddable":true,"href":"https:\/\/docosmetics.ch\/shop\/wp-json\/wp\/v2\/media\/149"}],"wp:attachment":[{"href":"https:\/\/docosmetics.ch\/shop\/wp-json\/wp\/v2\/media?parent=150"}],"wp:term":[{"taxonomy":"product_brand","embeddable":true,"href":"https:\/\/docosmetics.ch\/shop\/wp-json\/wp\/v2\/product_brand?post=150"},{"taxonomy":"product_cat","embeddable":true,"href":"https:\/\/docosmetics.ch\/shop\/wp-json\/wp\/v2\/product_cat?post=150"},{"taxonomy":"product_tag","embeddable":true,"href":"https:\/\/docosmetics.ch\/shop\/wp-json\/wp\/v2\/product_tag?post=150"}],"curies":[{"name":"wp","href":"https:\/\/api.w.org\/{rel}","templated":true}]}}