{"id":152,"date":"2026-04-05T10:02:19","date_gmt":"2026-04-05T10:02:19","guid":{"rendered":"https:\/\/docosmetics.ch\/shop\/produkt\/is-clinical-brightening-complex-30-g\/"},"modified":"2026-04-05T10:02:19","modified_gmt":"2026-04-05T10:02:19","slug":"is-clinical-brightening-complex-30-g","status":"publish","type":"product","link":"https:\/\/docosmetics.ch\/shop\/produkt\/is-clinical-brightening-complex-30-g\/","title":{"rendered":"iS Clinical BRIGHTENING COMPLEX (30 g)"},"content":{"rendered":"<p>Der <i><b>BRIGHTENING COMPLEX&nbsp;<\/b><\/i>ist eine besondere Formel, die die Haut sicher und effektiv aufhellt und zum Leuchten bringt, w\u00e4hrend sie gleichzeitig wohltuende, feuchtigkeitsspendende Eigenschaften besitzt. Mithilfe einer innovativen Mischung aus patentierten aufhellenden Inhaltsstoffen und Pflanzenstoffen pharmazeutischer Qualit\u00e4t, konzentriert sich diese leistungsstarke Formel nicht nur auf einen oder zwei, sondern auf alle f\u00fcnf Ausl\u00f6ser der Hyperpigmentierung. Die wirkungsvolle Formel des <b><i>BRIGHTENING COMPLEX<\/i><\/b>&nbsp;unterbricht die Kommunikation zwischen Melanozyten und Keratinozyten, verringert die Melaninproduktion durch Tyrosinase-Hemmer, exfoliert, reduziert Entz\u00fcndungen und bietet einen unvergleichlichen antioxidativen Schutz f\u00fcr eine hellere, ges\u00fcndere Haut.<\/p>\n<p>WIRKUNGSWEISE<\/p>\n<ul>\n<li>Hemmt Tyrinase-Enzyme, die Melanin produzieren<\/li>\n<li>Erh\u00f6ht den Feuchtigkeitsgehalt der Haut<\/li>\n<li>Sch\u00fctzt und erh\u00e4lt die Lipidschicht der Haut durch naturidentische Lipide<\/li>\n<li>Biete eine kontrollierte Exfoliation<\/li>\n<li>Parabenfrei<\/li>\n<\/ul>\n<p><span>Silberweiden-Rindenextrakt 18,0%<\/span><br \/>F\u00f6rdert die Zellerneuerung, mildert Entz\u00fcndungen\/ R\u00f6tungen.<\/p>\n<p><span>Imperata Cylindrica-Wurzel Extrakt 12 %<\/span><br \/>Optimiert und verst\u00e4rkt die Kollagensynthese und Feuchtigkeitsabsorption in der Haut.<\/p>\n<p>Glycols\u00e4ure, f\u00f6rdert die Exfoliation der Stratum Corneum.<\/p>\n<p><span>Zuckerrohr (Saccharum Officinarum) 7,0%&nbsp;<\/span><\/p>\n<p><span>Heidelbeerextrakt (Vaccinium Myrtilus) 5.7%<\/span><br \/>Milchs\u00e4ure, abtragende Eigenschaft mit feuchtigkeitsspendenden Effekt; verbessert die Exfoliation der Stratum Corneum.<\/p>\n","protected":false},"excerpt":{"rendered":"<p>Der BRIGHTENING COMPLEX&nbsp;ist eine besondere Formel, die die Haut sicher und effektiv aufhellt und zum Leuchten bringt, w\u00e4hrend sie gleichzeitig wohltuende, feuchtigkeitsspendende Eigenschaften besitzt. Mithilfe einer innovativen Mischung aus patentierten aufhellenden Inhaltsstoffen und Pflanzenstoffen pharmazeutischer Qualit\u00e4t, konzentriert sich diese leistungsstarke Formel nicht nur auf einen oder zwei, sondern auf alle f\u00fcnf Ausl\u00f6ser der Hyperpigmentierung. Die [&hellip;]<\/p>\n","protected":false},"featured_media":151,"template":"","meta":[],"product_brand":[25],"product_cat":[22],"product_tag":[],"class_list":{"0":"post-152","1":"product","2":"type-product","3":"status-publish","4":"has-post-thumbnail","6":"product_brand-is-clinical","7":"product_cat-korrektur","9":"first","10":"instock","11":"shipping-taxable","12":"purchasable","13":"product-type-simple"},"_links":{"self":[{"href":"https:\/\/docosmetics.ch\/shop\/wp-json\/wp\/v2\/product\/152","targetHints":{"allow":["GET"]}}],"collection":[{"href":"https:\/\/docosmetics.ch\/shop\/wp-json\/wp\/v2\/product"}],"about":[{"href":"https:\/\/docosmetics.ch\/shop\/wp-json\/wp\/v2\/types\/product"}],"wp:featuredmedia":[{"embeddable":true,"href":"https:\/\/docosmetics.ch\/shop\/wp-json\/wp\/v2\/media\/151"}],"wp:attachment":[{"href":"https:\/\/docosmetics.ch\/shop\/wp-json\/wp\/v2\/media?parent=152"}],"wp:term":[{"taxonomy":"product_brand","embeddable":true,"href":"https:\/\/docosmetics.ch\/shop\/wp-json\/wp\/v2\/product_brand?post=152"},{"taxonomy":"product_cat","embeddable":true,"href":"https:\/\/docosmetics.ch\/shop\/wp-json\/wp\/v2\/product_cat?post=152"},{"taxonomy":"product_tag","embeddable":true,"href":"https:\/\/docosmetics.ch\/shop\/wp-json\/wp\/v2\/product_tag?post=152"}],"curies":[{"name":"wp","href":"https:\/\/api.w.org\/{rel}","templated":true}]}}