{"id":156,"date":"2026-04-05T10:02:19","date_gmt":"2026-04-05T10:02:19","guid":{"rendered":"https:\/\/docosmetics.ch\/shop\/produkt\/is-clinical-brightening-serum-15ml\/"},"modified":"2026-04-05T10:02:19","modified_gmt":"2026-04-05T10:02:19","slug":"is-clinical-brightening-serum-15ml","status":"publish","type":"product","link":"https:\/\/docosmetics.ch\/shop\/produkt\/is-clinical-brightening-serum-15ml\/","title":{"rendered":"iS Clinical BRIGHTENING SERUM (15ml)"},"content":{"rendered":"<p>Das <b><i>BRIGHTENING SERUM&nbsp;<\/i><\/b>ist eine wirksame Formel, die hyperpigmentierte Partien sicher und schnell aufhellt und dabei kontrolliert exfoliert, ohne die Haut zu sch\u00e4len. Dieses leichte und schnell einziehende Serum ist hervorragend f\u00fcr das gesamte Gesicht oder als Boost f\u00fcr hyperpigmentierte Problempartien geeignet. Das<b><i> BRIGHTENING SERUM&nbsp;<\/i><\/b>ist eine konzentrierte Kombination aus wirksamen pflanzlichen Inhaltsstoffen, die auf verschiedenen Ebenen auf Hyperpigmentierung abzielen, w\u00e4hrend sie Anti-Aging-Eigenschaften besitzen.<\/p>\n<p>WIRKUNGSWEISE<\/p>\n<ul>\n<li>Hellt den Teint auf und l\u00e4sst ihn strahlen<\/li>\n<li>Gl\u00e4ttet und pflegt<\/li>\n<li>Hilft die Poren zu verkleinern<\/li>\n<li>Bietet sowohl schnelle als auch langfristige Erfolge<\/li>\n<li>\u201eBooster\u201c: bietet einen intensiven, gezielten Boost zur Behandlung von Hyperpigmentierung \u2013 f\u00fcr ein bestm\u00f6gliches Ergebnis abwechselnd mit dem WHITE LIGHTENING\u2122 COMPLEX verwenden<\/li>\n<li>Hydrochinonfrei<\/li>\n<li>Parabenfrei<\/li>\n<\/ul>\n<p>F\u00f6rdert die Zellerneuerung, Mildert Entz\u00fcndungen\/R\u00f6tungen, Reinigt intensiv &#8211; Porentief. Entfernt Ablagerungen im Haarfollikel. Arbutin 1,0% &amp; Polyporus Umbellatus 0.5% Hemmt die Melanin-produzierenden Enzyme, um Hyperpigmentierungen zu kontrollieren. Zeigt starke antibakterielle, antimikrobielle und antibiotische Eigenschaften. Zuckerrohr (Saccharum Officinarum) 2,0 % F\u00f6rdert die Exfoliation der Stratum Corneum. Beerenextrakt ( Vaccinium Myrtilus) Milchs\u00e4ure 2,0% Abtragende Eigenschaft mit feuchtigkeitsspendenden Effekt. Verbessert die Exfoliation der Stratum corneum.<\/p>\n<p><span>Norwegischer Algen Extrakt 2,0%<\/span>&nbsp;<br \/>F\u00f6rdert die Zellerneuerung, Mildert Entz\u00fcndungen\/R\u00f6tungen, Reinigt intensiv &#8211; Porentief. Entfernt Ablagerungen im Haarfollikel.<\/p>\n<p><span>Arbutin 1.0% und Polyporus Umbellatus 0,5%<\/span>&nbsp;<br \/>Hemmt die Tyrosinase (Melanin \u2013 Pigmentierungsenzym) Bildung, Kupfer enthaltende Enzym gilt als unentbehrlich f\u00fcr den Schutz vor UV-Strahlung und Hyperpigmentierung.<\/p>\n<p><span>Zuckerrohr (Saccharum Officinarum) 2,0%&nbsp;<\/span><br \/>Glycols\u00e4ure, f\u00f6rdert die Exfoliation der Stratum Corneum.<\/p>\n<p><span>Beerenextrakt (Vaccinium Myrtilus) 2.0%<\/span>&nbsp;<br \/>Milchs\u00e4ure, abtragende Eigenschaft mit feuchtigkeitsspendenden Effekt; verbessert die Exfoliation der Stratum Corneum.&nbsp;<\/p>\n","protected":false},"excerpt":{"rendered":"<p>Das BRIGHTENING SERUM&nbsp;ist eine wirksame Formel, die hyperpigmentierte Partien sicher und schnell aufhellt und dabei kontrolliert exfoliert, ohne die Haut zu sch\u00e4len. Dieses leichte und schnell einziehende Serum ist hervorragend f\u00fcr das gesamte Gesicht oder als Boost f\u00fcr hyperpigmentierte Problempartien geeignet. Das BRIGHTENING SERUM&nbsp;ist eine konzentrierte Kombination aus wirksamen pflanzlichen Inhaltsstoffen, die auf verschiedenen Ebenen [&hellip;]<\/p>\n","protected":false},"featured_media":155,"template":"","meta":[],"product_brand":[25],"product_cat":[22],"product_tag":[],"class_list":{"0":"post-156","1":"product","2":"type-product","3":"status-publish","4":"has-post-thumbnail","6":"product_brand-is-clinical","7":"product_cat-korrektur","9":"first","10":"instock","11":"shipping-taxable","12":"purchasable","13":"product-type-simple"},"_links":{"self":[{"href":"https:\/\/docosmetics.ch\/shop\/wp-json\/wp\/v2\/product\/156","targetHints":{"allow":["GET"]}}],"collection":[{"href":"https:\/\/docosmetics.ch\/shop\/wp-json\/wp\/v2\/product"}],"about":[{"href":"https:\/\/docosmetics.ch\/shop\/wp-json\/wp\/v2\/types\/product"}],"wp:featuredmedia":[{"embeddable":true,"href":"https:\/\/docosmetics.ch\/shop\/wp-json\/wp\/v2\/media\/155"}],"wp:attachment":[{"href":"https:\/\/docosmetics.ch\/shop\/wp-json\/wp\/v2\/media?parent=156"}],"wp:term":[{"taxonomy":"product_brand","embeddable":true,"href":"https:\/\/docosmetics.ch\/shop\/wp-json\/wp\/v2\/product_brand?post=156"},{"taxonomy":"product_cat","embeddable":true,"href":"https:\/\/docosmetics.ch\/shop\/wp-json\/wp\/v2\/product_cat?post=156"},{"taxonomy":"product_tag","embeddable":true,"href":"https:\/\/docosmetics.ch\/shop\/wp-json\/wp\/v2\/product_tag?post=156"}],"curies":[{"name":"wp","href":"https:\/\/api.w.org\/{rel}","templated":true}]}}