{"id":162,"date":"2026-04-05T10:02:18","date_gmt":"2026-04-05T10:02:18","guid":{"rendered":"https:\/\/docosmetics.ch\/shop\/produkt\/is-clinical-daily-dynamic-hydrator-50g\/"},"modified":"2026-04-05T10:02:18","modified_gmt":"2026-04-05T10:02:18","slug":"is-clinical-daily-dynamic-hydrator-50g","status":"publish","type":"product","link":"https:\/\/docosmetics.ch\/shop\/produkt\/is-clinical-daily-dynamic-hydrator-50g\/","title":{"rendered":"iS Clinical DAILY DYNAMIC HYDRATOR (50g)"},"content":{"rendered":"<p>Diese leistungsstarke 3-in-1-Creme spendet tiefgehende, langanhaltende Feuchtigkeit, bek\u00e4mpft sichtbar Zeichen der Hautalterung und sch\u00fctzt vor t\u00e4glichen Umweltstressoren. Dank der GeneXC<span>\u00ae<\/span>&#8211; und Extremozyme<span>\u00ae<\/span>-Technologien kombiniert sie wirksame Vitamin-C-Komplexe, Peptide und marine Exosomen, um die Haut aufzuhellen, zu straffen und zu gl\u00e4tten. Sie ist ideal f\u00fcr alle Hauttypen \u2013 auch f\u00fcr empfindliche Haut und Haut nach Behandlungen \u2013, st\u00e4rkt die Hautbarriere, mildert feine Linien und verbessert die allgemeine Vitalit\u00e4t der Haut.<\/p>\n<p>Die exklusive GeneXC-Technologie kombiniert firmeneigene Extremozymes mit einer hochwirksamen Vitamin-C-Mischung, um die Haut vor Umwelteinfl\u00fcssen zu sch\u00fctzen, die Elastizit\u00e4t sichtbar zu verbessern und das Erscheinungsbild von Falten zu reduzieren \u2013 w\u00e4hrend die Haut aufgehellt und die Feuchtigkeit erhalten wird.<\/p>\n<p>Natriumhyaluronat, Sonnenblumenextrakt und Glucomannan bewahren die Feuchtigkeit und st\u00e4rken gleichzeitig die nat\u00fcrliche Feuchtigkeitsbarriere der Haut, sodass sie sichtbar gegl\u00e4ttet und aufgepolstert wird \u2013 f\u00fcr einen strahlenden Teint.<\/p>\n<p>Exosomen aus Planktonextrakt und Tripeptid-1 sorgen f\u00fcr eine sichtbare Verbesserung der Hautelastizit\u00e4t und -festigkeit, st\u00e4rken die nat\u00fcrliche Hautbarriere, reduzieren Feuchtigkeitsverlust und sch\u00fctzen vor umweltbedingten Sch\u00e4den.<\/p>\n<p>Caprooyl Tetrapeptid-3 unterst\u00fctzt die sichtbare Verbesserung von Festigkeit, Falten und Elastizit\u00e4t.<\/p>\n<p>Zwei Formen von Vitamin B5 helfen, eine gesunde Hautbarriere wiederherzustellen, die Feuchtigkeit zu verbessern und trockene, gereizte Haut zu beruhigen.<\/p>\n<p><b>Anwendung: Morgens ein bis zwei Pumpst\u00f6\u00dfe auf die Haut auftragen und auf Gesicht und Hals einmassierien.<\/b><\/p>\n<p><u><b>Der empf.Verkaufspreis liegt bei CHF 170.-&nbsp;<\/b><\/u><\/p>\n","protected":false},"excerpt":{"rendered":"<p>Diese leistungsstarke 3-in-1-Creme spendet tiefgehende, langanhaltende Feuchtigkeit, bek\u00e4mpft sichtbar Zeichen der Hautalterung und sch\u00fctzt vor t\u00e4glichen Umweltstressoren. Dank der GeneXC\u00ae&#8211; und Extremozyme\u00ae-Technologien kombiniert sie wirksame Vitamin-C-Komplexe, Peptide und marine Exosomen, um die Haut aufzuhellen, zu straffen und zu gl\u00e4tten. Sie ist ideal f\u00fcr alle Hauttypen \u2013 auch f\u00fcr empfindliche Haut und Haut nach Behandlungen \u2013, [&hellip;]<\/p>\n","protected":false},"featured_media":161,"template":"","meta":[],"product_brand":[25],"product_cat":[22],"product_tag":[],"class_list":{"0":"post-162","1":"product","2":"type-product","3":"status-publish","4":"has-post-thumbnail","6":"product_brand-is-clinical","7":"product_cat-korrektur","9":"first","10":"instock","11":"shipping-taxable","12":"purchasable","13":"product-type-simple"},"_links":{"self":[{"href":"https:\/\/docosmetics.ch\/shop\/wp-json\/wp\/v2\/product\/162","targetHints":{"allow":["GET"]}}],"collection":[{"href":"https:\/\/docosmetics.ch\/shop\/wp-json\/wp\/v2\/product"}],"about":[{"href":"https:\/\/docosmetics.ch\/shop\/wp-json\/wp\/v2\/types\/product"}],"wp:featuredmedia":[{"embeddable":true,"href":"https:\/\/docosmetics.ch\/shop\/wp-json\/wp\/v2\/media\/161"}],"wp:attachment":[{"href":"https:\/\/docosmetics.ch\/shop\/wp-json\/wp\/v2\/media?parent=162"}],"wp:term":[{"taxonomy":"product_brand","embeddable":true,"href":"https:\/\/docosmetics.ch\/shop\/wp-json\/wp\/v2\/product_brand?post=162"},{"taxonomy":"product_cat","embeddable":true,"href":"https:\/\/docosmetics.ch\/shop\/wp-json\/wp\/v2\/product_cat?post=162"},{"taxonomy":"product_tag","embeddable":true,"href":"https:\/\/docosmetics.ch\/shop\/wp-json\/wp\/v2\/product_tag?post=162"}],"curies":[{"name":"wp","href":"https:\/\/api.w.org\/{rel}","templated":true}]}}