{"id":164,"date":"2026-04-05T10:02:18","date_gmt":"2026-04-05T10:02:18","guid":{"rendered":"https:\/\/docosmetics.ch\/shop\/produkt\/is-clinical-extra-strength-active-peel-brightening-system-15-treatments-set\/"},"modified":"2026-04-05T10:02:18","modified_gmt":"2026-04-05T10:02:18","slug":"is-clinical-extra-strength-active-peel-brightening-system-15-treatments-set","status":"publish","type":"product","link":"https:\/\/docosmetics.ch\/shop\/produkt\/is-clinical-extra-strength-active-peel-brightening-system-15-treatments-set\/","title":{"rendered":"iS Clinical EXTRA STRENGTH ACTIVE PEEL BRIGHTENING SYSTEM (15 Treatments Set)"},"content":{"rendered":"<p>ZWEI SCHRITTE ZU STRAHLENDER HAUT<\/p>\n<p><b>Schritt 1<\/b><br \/>Eine fortschrittliche Peeling-Formulierung, die bei der Anwendung ein prickelndes Gef\u00fchl erzeugt und so ein professionelles Peeling-Ergebnis f\u00fcr zu Hause liefert. Enth\u00e4lt eine einzigartige Kombination hochwirksamer pflanzlicher S\u00e4uren und Extrakte f\u00fcr sofort erneuerte Haut.<\/p>\n<p><b>Schritt 2<\/b><br \/>Neutralisiert und spendet intensiv Feuchtigkeit sowie Antioxidantien und beruhigende Wirkstoffe. Mit unserer propriet\u00e4ren Extremozyme\u00ae-Technologie und Tripeptid-1 (Kupfer-Tripeptid-1) kombiniert mit beruhigenden Pflanzenextrakten f\u00fcr einen gegl\u00e4tteten, strahlenden Teint.<\/p>\n<p>Vorteile<\/p>\n<p><b>Schritt 1:<\/b><\/p>\n<ul>\n<li>\n<p>Kombination aus sechs pflanzlich gewonnenen AHAs, darunter Zuckerrohr, Ahorn, Zitronens\u00e4ure sowie Apfel-, Orangen- und Beerenextrakte<\/p>\n<\/li>\n<li>\n<p>Wirksame BHA-Kombination aus Weidenrinde und Salicyls\u00e4ure<\/p>\n<\/li>\n<li>\n<p>Beruhigende und sch\u00fctzende Antioxidantien wie Aloe Vera, Gr\u00fcntee und Menthol<\/p>\n<\/li>\n<\/ul>\n<p><b>Schritt 2:<\/b><\/p>\n<ul>\n<li>\n<p>Exosomen unterst\u00fctzen Elastizit\u00e4t, Textur und Hauterneuerung<\/p>\n<\/li>\n<li>\n<p>Bernsteins\u00e4ure und Schneegl\u00f6ckchen-Extrakt sorgen f\u00fcr einen aufgehellten Teint<\/p>\n<\/li>\n<li>\n<p>Exklusive Extremozyme\u00ae-Technologie sch\u00fctzt t\u00e4glich vor Umwelteinfl\u00fcssen<\/p>\n<\/li>\n<li>\n<p>Fortgeschrittener Hautschutz und intensive Feuchtigkeit durch Sodium PCA, Sodium Lactate, Glycerin und Imperata Cylindrica Wurzelextrakt<\/p>\n<\/li>\n<li>\n<p>Tripeptid-1 (Kupfer-Tripeptid-1), Vitamin C, Gold und Shiitake-Pilz f\u00f6rdern ein strafferes, glatteres Hautbild<\/p>\n<\/li>\n<li>\n<p>Weitere Antioxidantien und Umweltschutz durch Mikroalgen und Glutathion<\/p>\n<\/li>\n<\/ul>\n<p>UMWELTEINFLUSS<\/p>\n<p>Die T\u00fccher des Extra Strength Active Peel Brightening Systems sind biologisch abbaubar und stellen eine umweltfreundliche Alternative zu herk\u00f6mmlichen, kunststoffbasierten Varianten dar. Sie sind weich zur Haut, werden aus nachhaltig gewonnenem Bambus hergestellt und zersetzen sich umweltvertr\u00e4glich.<\/p>\n<p>Anwendung<\/p>\n<p>Tragen Sie<span>&nbsp;<\/span><b>Schritt 1<\/b><span>&nbsp;<\/span>auf die gereinigte, trockene Haut von Gesicht und Hals auf (Augenpartie aussparen). Sanft einmassieren und maximal 3 Minuten einwirken lassen (nicht absp\u00fclen). Anschlie\u00dfend<span>&nbsp;<\/span><b>Schritt 2<\/b><span>&nbsp;<\/span>auf dieselbe Hautpartie auftragen und einwirken lassen.<\/p>\n<p>Ein prickelndes Gef\u00fchl bei der Anwendung von Schritt 1 und 2 ist normal.<\/p>\n<p>F\u00fcr beste Ergebnisse alle 3\u20134 Tage abends anwenden. Am Morgen danach<span>&nbsp;<\/span><b>unbedingt einen Sonnenschutz mit SPF 30 oder h\u00f6her<\/b><span>&nbsp;<\/span>verwenden.<\/p>\n<p>Hinweise<\/p>\n<p>Das Extra Strength Active Peel Brightening System ist eine professionell formulierte Behandlung und sollte nur gem\u00e4\u00df Empfehlung einer lizenzierten Hautpflegeexpertin bzw. eines Experten angewendet werden.<\/p>\n<p><b>Warnhinweis:<\/b><span>&nbsp;<\/span>Dieses Produkt enth\u00e4lt Alpha-Hydroxys\u00e4uren (AHAs), die die Sonnenempfindlichkeit der Haut erh\u00f6hen und das Risiko von Sonnenbrand steigern k\u00f6nnen. Verwenden Sie t\u00e4glich einen Sonnenschutz mit LSF 30 oder h\u00f6her, tragen Sie sch\u00fctzende Kleidung und vermeiden Sie direkte Sonneneinstrahlung.<\/p>\n","protected":false},"excerpt":{"rendered":"<p>ZWEI SCHRITTE ZU STRAHLENDER HAUT Schritt 1Eine fortschrittliche Peeling-Formulierung, die bei der Anwendung ein prickelndes Gef\u00fchl erzeugt und so ein professionelles Peeling-Ergebnis f\u00fcr zu Hause liefert. Enth\u00e4lt eine einzigartige Kombination hochwirksamer pflanzlicher S\u00e4uren und Extrakte f\u00fcr sofort erneuerte Haut. Schritt 2Neutralisiert und spendet intensiv Feuchtigkeit sowie Antioxidantien und beruhigende Wirkstoffe. Mit unserer propriet\u00e4ren Extremozyme\u00ae-Technologie und [&hellip;]<\/p>\n","protected":false},"featured_media":163,"template":"","meta":[],"product_brand":[25],"product_cat":[22],"product_tag":[],"class_list":{"0":"post-164","1":"product","2":"type-product","3":"status-publish","4":"has-post-thumbnail","6":"product_brand-is-clinical","7":"product_cat-korrektur","9":"first","10":"instock","11":"shipping-taxable","12":"purchasable","13":"product-type-simple"},"_links":{"self":[{"href":"https:\/\/docosmetics.ch\/shop\/wp-json\/wp\/v2\/product\/164","targetHints":{"allow":["GET"]}}],"collection":[{"href":"https:\/\/docosmetics.ch\/shop\/wp-json\/wp\/v2\/product"}],"about":[{"href":"https:\/\/docosmetics.ch\/shop\/wp-json\/wp\/v2\/types\/product"}],"wp:featuredmedia":[{"embeddable":true,"href":"https:\/\/docosmetics.ch\/shop\/wp-json\/wp\/v2\/media\/163"}],"wp:attachment":[{"href":"https:\/\/docosmetics.ch\/shop\/wp-json\/wp\/v2\/media?parent=164"}],"wp:term":[{"taxonomy":"product_brand","embeddable":true,"href":"https:\/\/docosmetics.ch\/shop\/wp-json\/wp\/v2\/product_brand?post=164"},{"taxonomy":"product_cat","embeddable":true,"href":"https:\/\/docosmetics.ch\/shop\/wp-json\/wp\/v2\/product_cat?post=164"},{"taxonomy":"product_tag","embeddable":true,"href":"https:\/\/docosmetics.ch\/shop\/wp-json\/wp\/v2\/product_tag?post=164"}],"curies":[{"name":"wp","href":"https:\/\/api.w.org\/{rel}","templated":true}]}}