{"id":166,"date":"2026-04-05T10:02:18","date_gmt":"2026-04-05T10:02:18","guid":{"rendered":"https:\/\/docosmetics.ch\/shop\/produkt\/is-clinical-firming-complex-50ml\/"},"modified":"2026-04-05T10:02:18","modified_gmt":"2026-04-05T10:02:18","slug":"is-clinical-firming-complex-50ml","status":"publish","type":"product","link":"https:\/\/docosmetics.ch\/shop\/produkt\/is-clinical-firming-complex-50ml\/","title":{"rendered":"iS Clinical FIRMING COMPLEX (50ml)"},"content":{"rendered":"<p>Diese intensive Formulierung enth\u00e4lt eine genau abgestimmte Mischung aus verfeinernden nat\u00fcrlichen Fruchts\u00e4uren, sch\u00fctzenden Antioxidantien und leistungsstarken Bio-N\u00e4hrstoffen. Der Firming Complex eignet sich hervorragend f\u00fcr reife Haut, Hals und Dekollet\u00e9 und sorgt f\u00fcr ein strafferes Hautbild, kleinere Poren und verbessert das Erscheinungsbild von feinen Linien und Falten. Der Firming Complex ist auch stark genug f\u00fcr widerstandsf\u00e4higere Hautpartien.<\/p>\n<p>&nbsp;<\/p>\n<p><b>Hyalurons\u00e4ure (botanisch gewonnen) 10,0%<\/b> Feuchtigkeitsspendend; zeigt hydrophile Eigenschaften &#8211; zieht das bis zu 1800-fache seines Molekulargewichts an und bindet es in Wasser.<\/p>\n<p><b>Gemischte Fruchts\u00e4ureextrakte [Propriet\u00e4re Kombination ausVaccinium Myrtillus (Heidelbeere) Frucht-\/Blattextrakt, SaccharumOfficinarum (Zuckerrohr) Extrakt, Acer Saccharum (Zuckerahorn)Extrakt, Citrus Aurantium Dulcis (Orange) Fruchtextrakt, CitrusMedica Limonum (Zitrone) Fruchtextrakt] 10.0%<\/b> Nat\u00fcrliche Frucht- und Zuckers\u00e4uren f\u00f6rdern die Abschuppung, erh\u00f6hen den Zellumsatz, gl\u00e4tten die Haut und reduzieren feine Linien und F\u00e4ltchen, w\u00e4hrend sie ein tieferes Eindringen der Inhaltsstoffe erm\u00f6glichen.<\/p>\n<p><b>Salix Alba (Weidenrindenextrakt) (Quelle f\u00fcr Salicyls\u00e4ure) 2,0%<\/b> F\u00f6rdert die Abschuppung, indem es den interzellul\u00e4ren &#171;Zement&#187; aufl\u00f6st, ohne entz\u00fcndliche Effekte. Au\u00dferdem reinigt es die Poren und entfernt Ablagerungen in den Haarfollikeln.<\/p>\n<p><b>Calciumpantothenat (Vitamin B5) 2,0%<\/b> Wesentliches Element, das f\u00fcr enzymatische Funktionen in allen Zellen ben\u00f6tigt wird.Erm\u00f6glicht den Stoffwechsel von Kohlenhydraten, Proteinen und Lipiden.Erh\u00f6ht die zellul\u00e4re Integrit\u00e4t und Effizienz.Asiaticoside<\/p>\n<p><b>Asiatic Acid und Madecassic Acid (Centella Asiatica) 1,0%<\/b> Wirksames Antioxidans stimuliert die Kollagensynthese und verbessert die Mikrozirkulation, den Kapillarfluss und den Gef\u00e4\u00dftonus. F\u00f6rdert die Wundheilung und den Abbau von Narbengewebe.<\/p>\n<p><b>Camellia Sinensis (Gr\u00fcner Tee) Blattextrakt 1,0%<\/b> Das wirksame Antioxidans hemmt DNA-Sch\u00e4den, indem es oxidativem Stress entgegenwirkt. Hat entz\u00fcndungshemmende Eigenschaften und hilft bei der Behandlung von Immunsuppression.<\/p>\n","protected":false},"excerpt":{"rendered":"<p>Diese intensive Formulierung enth\u00e4lt eine genau abgestimmte Mischung aus verfeinernden nat\u00fcrlichen Fruchts\u00e4uren, sch\u00fctzenden Antioxidantien und leistungsstarken Bio-N\u00e4hrstoffen. Der Firming Complex eignet sich hervorragend f\u00fcr reife Haut, Hals und Dekollet\u00e9 und sorgt f\u00fcr ein strafferes Hautbild, kleinere Poren und verbessert das Erscheinungsbild von feinen Linien und Falten. Der Firming Complex ist auch stark genug f\u00fcr widerstandsf\u00e4higere [&hellip;]<\/p>\n","protected":false},"featured_media":165,"template":"","meta":[],"product_brand":[25],"product_cat":[22],"product_tag":[],"class_list":{"0":"post-166","1":"product","2":"type-product","3":"status-publish","4":"has-post-thumbnail","6":"product_brand-is-clinical","7":"product_cat-korrektur","9":"first","10":"instock","11":"shipping-taxable","12":"purchasable","13":"product-type-simple"},"_links":{"self":[{"href":"https:\/\/docosmetics.ch\/shop\/wp-json\/wp\/v2\/product\/166","targetHints":{"allow":["GET"]}}],"collection":[{"href":"https:\/\/docosmetics.ch\/shop\/wp-json\/wp\/v2\/product"}],"about":[{"href":"https:\/\/docosmetics.ch\/shop\/wp-json\/wp\/v2\/types\/product"}],"wp:featuredmedia":[{"embeddable":true,"href":"https:\/\/docosmetics.ch\/shop\/wp-json\/wp\/v2\/media\/165"}],"wp:attachment":[{"href":"https:\/\/docosmetics.ch\/shop\/wp-json\/wp\/v2\/media?parent=166"}],"wp:term":[{"taxonomy":"product_brand","embeddable":true,"href":"https:\/\/docosmetics.ch\/shop\/wp-json\/wp\/v2\/product_brand?post=166"},{"taxonomy":"product_cat","embeddable":true,"href":"https:\/\/docosmetics.ch\/shop\/wp-json\/wp\/v2\/product_cat?post=166"},{"taxonomy":"product_tag","embeddable":true,"href":"https:\/\/docosmetics.ch\/shop\/wp-json\/wp\/v2\/product_tag?post=166"}],"curies":[{"name":"wp","href":"https:\/\/api.w.org\/{rel}","templated":true}]}}