{"id":168,"date":"2026-04-05T10:02:18","date_gmt":"2026-04-05T10:02:18","guid":{"rendered":"https:\/\/docosmetics.ch\/shop\/produkt\/is-clinical-genexc-serum-15ml\/"},"modified":"2026-04-05T10:02:18","modified_gmt":"2026-04-05T10:02:18","slug":"is-clinical-genexc-serum-15ml","status":"publish","type":"product","link":"https:\/\/docosmetics.ch\/shop\/produkt\/is-clinical-genexc-serum-15ml\/","title":{"rendered":"iS Clinical GENEXC SERUM (15ml)"},"content":{"rendered":"<p>GeneXC Serum sch\u00fctzt und repariert die DNA, w\u00e4hrend es die Gene stimuliert. Die durch den Alterungsprozess verlorene Hydration und Schutzfunktion werden durch&nbsp;<i><b>GeneXC<\/b><\/i>&nbsp;wieder aufgebaut.<\/p>\n<p>WIRKUNGSWEISE<\/p>\n<ul>\n<li>Aging-Pr\u00e4vention<\/li>\n<li>Superior-Antioxidant<\/li>\n<li>Verbessert Hautton und Elastizit\u00e4t<\/li>\n<li>Unterst\u00fctzt die Zellregeneration und den Stoffwechsel<\/li>\n<li>Verbessert den allgemeinen Hautzustand<\/li>\n<li>Wirkt ausgleichend, bei R\u00f6tungen<\/li>\n<li>Parabenfrei<\/li>\n<\/ul>\n<p>&nbsp;<\/p>\n<p><span>Vitamin C, Ascorbins\u00e4ure 20,00%<\/span><br \/>Starker Antioxidant mit UV-Schutz und antientz\u00fcndlichen Eigenschaften.<\/p>\n<p><span>Hydrolisiertes Senfrauken-Extrakt<\/span><br \/>Hilft die Hautzellen zu entgiften, st\u00e4rken und reparieren.<\/p>\n<p><span>Plankton-Extrakt und Lecithin, Extremozyme<\/span><br \/>Ein synergetisches, extremophiles Enzym-Konzentrat der Anacystis Alge, die durch UV-Strahlung besch\u00e4digt Zellstrukturen repariert.<\/p>\n<p><span>Kakadupflaumen-Extrakt<\/span><br \/>Starker Antioxidant, der die Kollagen- und Hyalurons\u00e4ure-Produktion f\u00f6rdert. Reduziert R\u00f6tungen und sorgt f\u00fcr einen ebenm\u00e4\u00dfigen, strahlenden Teint.&nbsp;<\/p>\n","protected":false},"excerpt":{"rendered":"<p>GeneXC Serum sch\u00fctzt und repariert die DNA, w\u00e4hrend es die Gene stimuliert. Die durch den Alterungsprozess verlorene Hydration und Schutzfunktion werden durch&nbsp;GeneXC&nbsp;wieder aufgebaut. WIRKUNGSWEISE Aging-Pr\u00e4vention Superior-Antioxidant Verbessert Hautton und Elastizit\u00e4t Unterst\u00fctzt die Zellregeneration und den Stoffwechsel Verbessert den allgemeinen Hautzustand Wirkt ausgleichend, bei R\u00f6tungen Parabenfrei &nbsp; Vitamin C, Ascorbins\u00e4ure 20,00%Starker Antioxidant mit UV-Schutz und antientz\u00fcndlichen [&hellip;]<\/p>\n","protected":false},"featured_media":167,"template":"","meta":[],"product_brand":[25],"product_cat":[22],"product_tag":[],"class_list":{"0":"post-168","1":"product","2":"type-product","3":"status-publish","4":"has-post-thumbnail","6":"product_brand-is-clinical","7":"product_cat-korrektur","9":"first","10":"instock","11":"shipping-taxable","12":"purchasable","13":"product-type-simple"},"_links":{"self":[{"href":"https:\/\/docosmetics.ch\/shop\/wp-json\/wp\/v2\/product\/168","targetHints":{"allow":["GET"]}}],"collection":[{"href":"https:\/\/docosmetics.ch\/shop\/wp-json\/wp\/v2\/product"}],"about":[{"href":"https:\/\/docosmetics.ch\/shop\/wp-json\/wp\/v2\/types\/product"}],"wp:featuredmedia":[{"embeddable":true,"href":"https:\/\/docosmetics.ch\/shop\/wp-json\/wp\/v2\/media\/167"}],"wp:attachment":[{"href":"https:\/\/docosmetics.ch\/shop\/wp-json\/wp\/v2\/media?parent=168"}],"wp:term":[{"taxonomy":"product_brand","embeddable":true,"href":"https:\/\/docosmetics.ch\/shop\/wp-json\/wp\/v2\/product_brand?post=168"},{"taxonomy":"product_cat","embeddable":true,"href":"https:\/\/docosmetics.ch\/shop\/wp-json\/wp\/v2\/product_cat?post=168"},{"taxonomy":"product_tag","embeddable":true,"href":"https:\/\/docosmetics.ch\/shop\/wp-json\/wp\/v2\/product_tag?post=168"}],"curies":[{"name":"wp","href":"https:\/\/api.w.org\/{rel}","templated":true}]}}