{"id":178,"date":"2026-04-05T10:02:18","date_gmt":"2026-04-05T10:02:18","guid":{"rendered":"https:\/\/docosmetics.ch\/shop\/produkt\/is-clinical-lip-polish-15g\/"},"modified":"2026-04-05T10:02:18","modified_gmt":"2026-04-05T10:02:18","slug":"is-clinical-lip-polish-15g","status":"publish","type":"product","link":"https:\/\/docosmetics.ch\/shop\/produkt\/is-clinical-lip-polish-15g\/","title":{"rendered":"iS Clinical LIP POLISH (15g)"},"content":{"rendered":"<p>Sanftes, effektives Peeling mit wirksamen Antioxidantien aus Vitamin C und E, das mit besonders reichhaltiger Pflanzenbutter kombiniert wird. F\u00f6rdert das Abl\u00f6sen abgestorbener Hautzellen, gl\u00e4ttet die Lippen, verleiht ihnen Feuchtigkeit und einen gesunden Glanz.<\/p>\n<p>&nbsp;<\/p>\n<p>Wirkungsweise<\/p>\n<p>&nbsp;<\/p>\n<ul>\n<li>L\u00f6st abgestorbene Hautzellen sanft ab und macht die Haut weich und glatt<\/li>\n<li>pflegt, spendet Feuchtigkeit und macht die Haut weich<\/li>\n<li>Sch\u00fctzt vor Antioxidantien<\/li>\n<li>Ohne Parabene<\/li>\n<\/ul>\n<p>&nbsp;<\/p>\n<p><b>Saccharose 67,4 %<\/b><\/p>\n<p>Feuchtigkeitsbinder nat\u00fcrlicher Zucker.<\/p>\n<p><b>Kakaobutter 4,5 %<\/b><\/p>\n<p>R\u00fcckfettendes Antioxidans.<\/p>\n<p><b>Tetrahexyldecyl Ascorbat (Vitamin C) 3,5 %<\/b><\/p>\n<p>Eine modifizierte Form von Vitamin C, die fettl\u00f6slich ist. Diese Modifizierung erm\u00f6glicht es, die Haut besser zu durchdringen.<\/p>\n<p><b>Tocopherol (Vitamin E) 3,5 %<\/b><\/p>\n<p>Potentes, lipophiles Antioxidans, hemmt DNA-Sch\u00e4den. Sch\u00fctzt vor UV-induzierten Lichtsch\u00e4den.<\/p>\n","protected":false},"excerpt":{"rendered":"<p>Sanftes, effektives Peeling mit wirksamen Antioxidantien aus Vitamin C und E, das mit besonders reichhaltiger Pflanzenbutter kombiniert wird. F\u00f6rdert das Abl\u00f6sen abgestorbener Hautzellen, gl\u00e4ttet die Lippen, verleiht ihnen Feuchtigkeit und einen gesunden Glanz. &nbsp; Wirkungsweise &nbsp; L\u00f6st abgestorbene Hautzellen sanft ab und macht die Haut weich und glatt pflegt, spendet Feuchtigkeit und macht die Haut [&hellip;]<\/p>\n","protected":false},"featured_media":177,"template":"","meta":[],"product_brand":[25],"product_cat":[22],"product_tag":[],"class_list":{"0":"post-178","1":"product","2":"type-product","3":"status-publish","4":"has-post-thumbnail","6":"product_brand-is-clinical","7":"product_cat-korrektur","9":"first","10":"instock","11":"shipping-taxable","12":"purchasable","13":"product-type-simple"},"_links":{"self":[{"href":"https:\/\/docosmetics.ch\/shop\/wp-json\/wp\/v2\/product\/178","targetHints":{"allow":["GET"]}}],"collection":[{"href":"https:\/\/docosmetics.ch\/shop\/wp-json\/wp\/v2\/product"}],"about":[{"href":"https:\/\/docosmetics.ch\/shop\/wp-json\/wp\/v2\/types\/product"}],"wp:featuredmedia":[{"embeddable":true,"href":"https:\/\/docosmetics.ch\/shop\/wp-json\/wp\/v2\/media\/177"}],"wp:attachment":[{"href":"https:\/\/docosmetics.ch\/shop\/wp-json\/wp\/v2\/media?parent=178"}],"wp:term":[{"taxonomy":"product_brand","embeddable":true,"href":"https:\/\/docosmetics.ch\/shop\/wp-json\/wp\/v2\/product_brand?post=178"},{"taxonomy":"product_cat","embeddable":true,"href":"https:\/\/docosmetics.ch\/shop\/wp-json\/wp\/v2\/product_cat?post=178"},{"taxonomy":"product_tag","embeddable":true,"href":"https:\/\/docosmetics.ch\/shop\/wp-json\/wp\/v2\/product_tag?post=178"}],"curies":[{"name":"wp","href":"https:\/\/api.w.org\/{rel}","templated":true}]}}