{"id":180,"date":"2026-04-05T10:02:18","date_gmt":"2026-04-05T10:02:18","guid":{"rendered":"https:\/\/docosmetics.ch\/shop\/produkt\/is-clinical-neckperfect-complex-50g\/"},"modified":"2026-04-05T10:02:18","modified_gmt":"2026-04-05T10:02:18","slug":"is-clinical-neckperfect-complex-50g","status":"publish","type":"product","link":"https:\/\/docosmetics.ch\/shop\/produkt\/is-clinical-neckperfect-complex-50g\/","title":{"rendered":"iS Clinical NECKPERFECT COMPLEX  (50g)"},"content":{"rendered":"<p><span>NECKPERFECT\u2122 COMPLEX verleiht Hals, Kinn und Dekollet\u00e9 ein gestraffteres, glatteres und definierteres Aussehen. Die einzigartige Anti-Aging-Rezeptur exfoliert die Haut sanft, um feine Linien und Falten zu reduzieren und verbessert deutlich Hautton und -bild. Bei regelm\u00e4\u00dfiger Anwendung erh\u00e4lt der Hals- und Dekollet\u00e9bereich einen sichtbar geformteren, glatteren und jugendlich strahlenden Look. .<\/span><\/p>\n<p>WIRKUNGSWEISE<\/p>\n<ul>\n<li>L\u00e4sst die Haut straffer, glatter und definierter aussehen<\/li>\n<li>Gibt der Haut Elastizit\u00e4t zur\u00fcck<\/li>\n<li>Reduziert feine Linien und Falten<\/li>\n<li>Verbessert das Hautbild und korrigiert Hautverf\u00e4rbungen<\/li>\n<li>Spendet intensive und andauernde Feuchtigkeit<\/li>\n<li>Bietet antioxidativen Schutz<\/li>\n<li>Parabenfrei<\/li>\n<\/ul>\n<p><span>Pflanzliche Hyalurons\u00e4ure 10,0%<\/span><br \/>Bindet bis zu 1800-fache seines Molekulargewichts in Wasser.<\/p>\n<p><span>Mixed Fruit Extrakt 10.0%<\/span><br \/>Exfoliert, gl\u00e4ttet und reduziert feine Linien.<\/p>\n<p><span>Hydrolisierte Quinoa 6,0%<\/span><br \/>Bildet eine Schutzbarriere f\u00fcr die Haut, um vor Umwelteinfl\u00fcssen zu sch\u00fctzen. Bindet au\u00dferdem Feuchtigkeit und hydriert somit die Haut.<\/p>\n<p><span>Hydrolisiertes Reisprotein 3,0%<\/span><br \/>Kleine Peptide, die die Kollagensynthese ankurbeln und den Zellstoffwechsel verbessern.<\/p>\n<p><span>S\u00fc\u00dfmandelextrakt 3,0%<\/span><br \/>Verbessert die Elastizit\u00e4t der Haut und den Teint, w\u00e4hrend es zugleich entz\u00fcndungshemmende Eigenschaften besitzt.<\/p>\n<p><span>Senegal-Akazien-Gum 3,0%<\/span><br \/>Gl\u00e4ttet und strafft die Haut.<\/p>\n<p><span>Hydrolisiertes Rhizobian-Gum 3,0%<\/span><br \/>Sorgt f\u00fcr eine festere und straffere Haut.<\/p>\n<p><span>Silberweiden-Rindenextrakt 3,0%<\/span><br \/>F\u00f6rdert die Zellerneuerung, mildert Entz\u00fcndungen\/ R\u00f6tungen.<\/p>\n<p><span>Vitamin B5 2,0%<\/span><br \/>Wesentliches Element f\u00fcr enzymatische Funktionen, die in allen Zellen erforderlich sind. F\u00f6rdert die Mikrozirkulation. Unverzichtbar f\u00fcr alle Zellen, f\u00f6rdert die Wundheilung.<\/p>\n","protected":false},"excerpt":{"rendered":"<p>NECKPERFECT\u2122 COMPLEX verleiht Hals, Kinn und Dekollet\u00e9 ein gestraffteres, glatteres und definierteres Aussehen. Die einzigartige Anti-Aging-Rezeptur exfoliert die Haut sanft, um feine Linien und Falten zu reduzieren und verbessert deutlich Hautton und -bild. Bei regelm\u00e4\u00dfiger Anwendung erh\u00e4lt der Hals- und Dekollet\u00e9bereich einen sichtbar geformteren, glatteren und jugendlich strahlenden Look. . WIRKUNGSWEISE L\u00e4sst die Haut straffer, [&hellip;]<\/p>\n","protected":false},"featured_media":179,"template":"","meta":[],"product_brand":[25],"product_cat":[22],"product_tag":[],"class_list":{"0":"post-180","1":"product","2":"type-product","3":"status-publish","4":"has-post-thumbnail","6":"product_brand-is-clinical","7":"product_cat-korrektur","9":"first","10":"instock","11":"shipping-taxable","12":"purchasable","13":"product-type-simple"},"_links":{"self":[{"href":"https:\/\/docosmetics.ch\/shop\/wp-json\/wp\/v2\/product\/180","targetHints":{"allow":["GET"]}}],"collection":[{"href":"https:\/\/docosmetics.ch\/shop\/wp-json\/wp\/v2\/product"}],"about":[{"href":"https:\/\/docosmetics.ch\/shop\/wp-json\/wp\/v2\/types\/product"}],"wp:featuredmedia":[{"embeddable":true,"href":"https:\/\/docosmetics.ch\/shop\/wp-json\/wp\/v2\/media\/179"}],"wp:attachment":[{"href":"https:\/\/docosmetics.ch\/shop\/wp-json\/wp\/v2\/media?parent=180"}],"wp:term":[{"taxonomy":"product_brand","embeddable":true,"href":"https:\/\/docosmetics.ch\/shop\/wp-json\/wp\/v2\/product_brand?post=180"},{"taxonomy":"product_cat","embeddable":true,"href":"https:\/\/docosmetics.ch\/shop\/wp-json\/wp\/v2\/product_cat?post=180"},{"taxonomy":"product_tag","embeddable":true,"href":"https:\/\/docosmetics.ch\/shop\/wp-json\/wp\/v2\/product_tag?post=180"}],"curies":[{"name":"wp","href":"https:\/\/api.w.org\/{rel}","templated":true}]}}