{"id":184,"date":"2026-04-05T10:02:18","date_gmt":"2026-04-05T10:02:18","guid":{"rendered":"https:\/\/docosmetics.ch\/shop\/produkt\/is-clinical-poly-vitamin-serum-30ml\/"},"modified":"2026-04-05T10:02:18","modified_gmt":"2026-04-05T10:02:18","slug":"is-clinical-poly-vitamin-serum-30ml","status":"publish","type":"product","link":"https:\/\/docosmetics.ch\/shop\/produkt\/is-clinical-poly-vitamin-serum-30ml\/","title":{"rendered":"iS Clinical POLY-VITAMIN\u00ae SERUM (30ml)"},"content":{"rendered":"<p>Das&nbsp;<i><b>POLY-VITAMIN\u00ae SERUM<\/b><\/i>&nbsp;ist eine intensive, revitalisierende Formel f\u00fcr alle Hauttypen und jedes Alter. Diese Formel gew\u00e4hrleistet, dass die Haut mit einer wirksamen Kombination aus essentiellen Vitaminen, Bion\u00e4hrstoffen und die Hautalterung bek\u00e4mpfenden Antioxidantien versorgt wird, die f\u00fcr den Zellstoffwechsel unverzichtbar sind. Diese Kombination spendet Feuchtigkeit, regeneriert und erh\u00f6ht die Mikrozirkulation der Haut, wodurch erhebliche Verbesserungen der Struktur, des Teints und des gesamten Hautbilds erzielt werden. Das&nbsp;<i><b>POLY-VITAMIN SERUM<\/b><\/i>&nbsp;kann sich auch bei den massivsten Hautkrankheiten positiv auf das Hautbild auswirken, dazu geh\u00f6rt auch die durch Bestrahlung oder Chemotherapie strapazierte Haut.<\/p>\n<p>WIRKUNGSWEISE<\/p>\n<p>\u2022 Regt die Zellregeneration an und erh\u00f6ht den Zellstoffwechsel<br \/>\u2022 Erh\u00f6ht die Mikrozirkulation<br \/>\u2022 Verbessert die allgemeine Gesundheit und den Zustand der Haut<br \/>\u2022 Strafft und verbessert die Elastizit\u00e4t<br \/>\u2022 Hilft bei der Behandlung von Dermatitis<br \/>\u2022 Revitalisiert alternde und strapazierte Haut<br \/>\u2022 Parabenfrei<\/p>\n<p>&nbsp;<\/p>\n<p><span>Pflanzliche Hyalurons\u00e4ure 40,0%<\/span><br \/>Bindet bis zu 1800-fache seines Molekulargewichts in Wasser.&nbsp;<span>Vitamin B5 und B3<\/span><br \/>F\u00f6rdern die Mikrozirkulation und zellulare Gesundheit und Integrit\u00e4t.&nbsp;<span>Zuckerrohr (Saccharum Officinarum) 4,0%&nbsp;<\/span><br \/>Glycols\u00e4ure, f\u00f6rdert die Exfoliation der Stratum Corneum.<\/p>\n","protected":false},"excerpt":{"rendered":"<p>Das&nbsp;POLY-VITAMIN\u00ae SERUM&nbsp;ist eine intensive, revitalisierende Formel f\u00fcr alle Hauttypen und jedes Alter. Diese Formel gew\u00e4hrleistet, dass die Haut mit einer wirksamen Kombination aus essentiellen Vitaminen, Bion\u00e4hrstoffen und die Hautalterung bek\u00e4mpfenden Antioxidantien versorgt wird, die f\u00fcr den Zellstoffwechsel unverzichtbar sind. Diese Kombination spendet Feuchtigkeit, regeneriert und erh\u00f6ht die Mikrozirkulation der Haut, wodurch erhebliche Verbesserungen der Struktur, [&hellip;]<\/p>\n","protected":false},"featured_media":183,"template":"","meta":[],"product_brand":[25],"product_cat":[22],"product_tag":[],"class_list":{"0":"post-184","1":"product","2":"type-product","3":"status-publish","4":"has-post-thumbnail","6":"product_brand-is-clinical","7":"product_cat-korrektur","9":"first","10":"instock","11":"shipping-taxable","12":"purchasable","13":"product-type-simple"},"_links":{"self":[{"href":"https:\/\/docosmetics.ch\/shop\/wp-json\/wp\/v2\/product\/184","targetHints":{"allow":["GET"]}}],"collection":[{"href":"https:\/\/docosmetics.ch\/shop\/wp-json\/wp\/v2\/product"}],"about":[{"href":"https:\/\/docosmetics.ch\/shop\/wp-json\/wp\/v2\/types\/product"}],"wp:featuredmedia":[{"embeddable":true,"href":"https:\/\/docosmetics.ch\/shop\/wp-json\/wp\/v2\/media\/183"}],"wp:attachment":[{"href":"https:\/\/docosmetics.ch\/shop\/wp-json\/wp\/v2\/media?parent=184"}],"wp:term":[{"taxonomy":"product_brand","embeddable":true,"href":"https:\/\/docosmetics.ch\/shop\/wp-json\/wp\/v2\/product_brand?post=184"},{"taxonomy":"product_cat","embeddable":true,"href":"https:\/\/docosmetics.ch\/shop\/wp-json\/wp\/v2\/product_cat?post=184"},{"taxonomy":"product_tag","embeddable":true,"href":"https:\/\/docosmetics.ch\/shop\/wp-json\/wp\/v2\/product_tag?post=184"}],"curies":[{"name":"wp","href":"https:\/\/api.w.org\/{rel}","templated":true}]}}