{"id":188,"date":"2026-04-05T10:02:18","date_gmt":"2026-04-05T10:02:18","guid":{"rendered":"https:\/\/docosmetics.ch\/shop\/produkt\/is-clinical-pro-heal-serum-advance-30ml\/"},"modified":"2026-04-05T10:02:18","modified_gmt":"2026-04-05T10:02:18","slug":"is-clinical-pro-heal-serum-advance-30ml","status":"publish","type":"product","link":"https:\/\/docosmetics.ch\/shop\/produkt\/is-clinical-pro-heal-serum-advance-30ml\/","title":{"rendered":"iS Clinical PRO-HEAL\u00ae SERUM ADVANCE+\u00ae (30ml)"},"content":{"rendered":"<p>Das&nbsp;<b><i>PRO-HEAL\u00ae SERUM ADVANCE+\u00ae<\/i><\/b>&nbsp;enth\u00e4lt unsere wissenschaftlich fortschrittliche Ascorbins\u00e4ure (Vitamin C) zusammen mit einer hochwertigen Form des Olivenblattextrakts und den puren Vitaminen E und A. Diese wirkungsvolle Formel erh\u00f6ht ma\u00dfgeblich den antioxidativen Schutz und besitzt optimierte heilende Eigenschaften. Als klinisch erprobte Formel ist&nbsp;<i><b>PRO-HEAL SERUM ADVANCE+<\/b><\/i>auch hervorragend f\u00fcr die Behandlung von Rosazea, zystischer Akne, leichterer Hautverletzungen und einigen Formen der Dermatitis geeignet.<\/p>\n<p>WIRKUNGSWEISE<\/p>\n<ul>\n<li>Einzigartige Heilungsformel<\/li>\n<li>Bietet extrem wirksamen antioxidativen Schutz<\/li>\n<li>Hervorragend geeignet zur Reduzierung von R\u00f6tungen und Entz\u00fcndungen in Verbindung mit Rosazea<\/li>\n<li>Hilft bei der Behandlung von Akne (inklusive zystischer Akne 3. und 4. Grades)<\/li>\n<li>Hilft auf die Symptome von Kontakt- und Strahlungsdermatitis abzuzielen \u2022 Hilft Entz\u00fcndungen, feine Linien und Falten zu reduzieren<\/li>\n<li>Revitalisiert alternde und strapazierte Haut<\/li>\n<li>Parabenfrei<\/li>\n<\/ul>\n<p>&nbsp;<\/p>\n<p><span>Vitamin C, Ascorbins\u00e4ure 15,0%<\/span><br \/>Stabilisierte Formel der L-Ascorbins\u00e4ure. Sie stimuliert die Kollagensynthese und f\u00f6rdert die Wundheilung. Starker Antioxidant mit Foto-Schutz und antientz\u00fcndlichen Eigenschaften.&nbsp;<span>Vitamin E, 1,0%<\/span><br \/>Potenter, lipophiler Antioxidant, hemmt DNA-Sch\u00e4den. Sch\u00fctzt vor UV-induzierte Lichtsch\u00e4den.&nbsp;<span>Nat\u00fcliches Vitamin A, Retinol<\/span><br \/>Wirkt als starker Antioxidant mit potenter Radikalf\u00e4nger-F\u00e4higkeit, verbessert die Kollagensynthese und f\u00f6rdert die Wundheilung.&nbsp;<span>Oliven\u00f6l-Extrakt 0,5%<\/span><br \/>Ein nat\u00fcrliches Antibiotikum. Entz\u00fcndungshemmend und antioxidativ. Hilft Akne zu kontrollieren und Hautsch\u00e4den zu verhindern.&nbsp;<\/p>\n","protected":false},"excerpt":{"rendered":"<p>Das&nbsp;PRO-HEAL\u00ae SERUM ADVANCE+\u00ae&nbsp;enth\u00e4lt unsere wissenschaftlich fortschrittliche Ascorbins\u00e4ure (Vitamin C) zusammen mit einer hochwertigen Form des Olivenblattextrakts und den puren Vitaminen E und A. Diese wirkungsvolle Formel erh\u00f6ht ma\u00dfgeblich den antioxidativen Schutz und besitzt optimierte heilende Eigenschaften. Als klinisch erprobte Formel ist&nbsp;PRO-HEAL SERUM ADVANCE+auch hervorragend f\u00fcr die Behandlung von Rosazea, zystischer Akne, leichterer Hautverletzungen und einigen [&hellip;]<\/p>\n","protected":false},"featured_media":187,"template":"","meta":[],"product_brand":[25],"product_cat":[22],"product_tag":[],"class_list":{"0":"post-188","1":"product","2":"type-product","3":"status-publish","4":"has-post-thumbnail","6":"product_brand-is-clinical","7":"product_cat-korrektur","9":"first","10":"instock","11":"shipping-taxable","12":"purchasable","13":"product-type-simple"},"_links":{"self":[{"href":"https:\/\/docosmetics.ch\/shop\/wp-json\/wp\/v2\/product\/188","targetHints":{"allow":["GET"]}}],"collection":[{"href":"https:\/\/docosmetics.ch\/shop\/wp-json\/wp\/v2\/product"}],"about":[{"href":"https:\/\/docosmetics.ch\/shop\/wp-json\/wp\/v2\/types\/product"}],"wp:featuredmedia":[{"embeddable":true,"href":"https:\/\/docosmetics.ch\/shop\/wp-json\/wp\/v2\/media\/187"}],"wp:attachment":[{"href":"https:\/\/docosmetics.ch\/shop\/wp-json\/wp\/v2\/media?parent=188"}],"wp:term":[{"taxonomy":"product_brand","embeddable":true,"href":"https:\/\/docosmetics.ch\/shop\/wp-json\/wp\/v2\/product_brand?post=188"},{"taxonomy":"product_cat","embeddable":true,"href":"https:\/\/docosmetics.ch\/shop\/wp-json\/wp\/v2\/product_cat?post=188"},{"taxonomy":"product_tag","embeddable":true,"href":"https:\/\/docosmetics.ch\/shop\/wp-json\/wp\/v2\/product_tag?post=188"}],"curies":[{"name":"wp","href":"https:\/\/api.w.org\/{rel}","templated":true}]}}