{"id":190,"date":"2026-04-05T10:02:18","date_gmt":"2026-04-05T10:02:18","guid":{"rendered":"https:\/\/docosmetics.ch\/shop\/produkt\/is-clinical-retinol-emulsion-0-3-30g\/"},"modified":"2026-04-05T10:02:18","modified_gmt":"2026-04-05T10:02:18","slug":"is-clinical-retinol-emulsion-0-3-30g","status":"publish","type":"product","link":"https:\/\/docosmetics.ch\/shop\/produkt\/is-clinical-retinol-emulsion-0-3-30g\/","title":{"rendered":"iS Clinical RETINOL+ EMULSION 0.3 \u2013 30g"},"content":{"rendered":"<p>Unsere hochaktive, schnell wirkende Retinol+ Emulsion 0.3 ist eine leistungsstarke keratolytische Formel mit einem Retinol pflanzlichen Ursprungs, das unter anderem bioidentischen Lipide, Phosphatidylcholin und Triglyceride enth\u00e4lt. Dieses gezielt eingesetzte Retinol verbessert den Gesamtzustand der Haut durch seine vitaminhaltigen und antioxidativen Eigenschaften, die f\u00fcr eine normale Epithelisierung der Haut erforderlich sind. Gleichzeitig tr\u00e4gt eine firmeneigene Mischung aus wirksamen pflanzlichen Boosterstoffen, Antioxidantien und Extremozymes\u00ae dazu bei, die Haut zu n\u00e4hren und ihre Widerstandsf\u00e4higkeit zu verbessern<\/p>\n<p><b>INDIKATIONEN:<\/b><\/p>\n<p>\u2022Normale, fettige, trockene oder Mischhaut<\/p>\n<p>\u2022Feine Linien und tiefe F\u00e4ltchen\u2022Umweltbedingte Sch\u00e4den<\/p>\n<p>\u2022Ungleichm\u00e4\u00dfiger Hautton und ungleichm\u00e4\u00dfige Textur<\/p>\n<p>\u2022Mangelnde Elastizit\u00e4t, Erschlaffung<\/p>\n<p>\u2022Fahler Teint<\/p>\n<p>\u2022Alle Geschlechter<\/p>\n<p><b>DOSIERUNG:<\/b><\/p>\n<p>2-3 Pumpst\u00f6\u00dfe pro Anwendung auf Gesicht, Hals und Dekollet\u00e9 auftragen(oder nach Anweisung) abends alle 3 Tage f\u00fcr 3 Wochen, dann bei guter Vertr\u00e4glichkeit, alle 2 Tage oder nach Anweisung auftragen.<\/p>\n","protected":false},"excerpt":{"rendered":"<p>Unsere hochaktive, schnell wirkende Retinol+ Emulsion 0.3 ist eine leistungsstarke keratolytische Formel mit einem Retinol pflanzlichen Ursprungs, das unter anderem bioidentischen Lipide, Phosphatidylcholin und Triglyceride enth\u00e4lt. Dieses gezielt eingesetzte Retinol verbessert den Gesamtzustand der Haut durch seine vitaminhaltigen und antioxidativen Eigenschaften, die f\u00fcr eine normale Epithelisierung der Haut erforderlich sind. Gleichzeitig tr\u00e4gt eine firmeneigene Mischung [&hellip;]<\/p>\n","protected":false},"featured_media":189,"template":"","meta":[],"product_brand":[25],"product_cat":[22],"product_tag":[],"class_list":{"0":"post-190","1":"product","2":"type-product","3":"status-publish","4":"has-post-thumbnail","6":"product_brand-is-clinical","7":"product_cat-korrektur","9":"first","10":"instock","11":"shipping-taxable","12":"purchasable","13":"product-type-simple"},"_links":{"self":[{"href":"https:\/\/docosmetics.ch\/shop\/wp-json\/wp\/v2\/product\/190","targetHints":{"allow":["GET"]}}],"collection":[{"href":"https:\/\/docosmetics.ch\/shop\/wp-json\/wp\/v2\/product"}],"about":[{"href":"https:\/\/docosmetics.ch\/shop\/wp-json\/wp\/v2\/types\/product"}],"wp:featuredmedia":[{"embeddable":true,"href":"https:\/\/docosmetics.ch\/shop\/wp-json\/wp\/v2\/media\/189"}],"wp:attachment":[{"href":"https:\/\/docosmetics.ch\/shop\/wp-json\/wp\/v2\/media?parent=190"}],"wp:term":[{"taxonomy":"product_brand","embeddable":true,"href":"https:\/\/docosmetics.ch\/shop\/wp-json\/wp\/v2\/product_brand?post=190"},{"taxonomy":"product_cat","embeddable":true,"href":"https:\/\/docosmetics.ch\/shop\/wp-json\/wp\/v2\/product_cat?post=190"},{"taxonomy":"product_tag","embeddable":true,"href":"https:\/\/docosmetics.ch\/shop\/wp-json\/wp\/v2\/product_tag?post=190"}],"curies":[{"name":"wp","href":"https:\/\/api.w.org\/{rel}","templated":true}]}}