{"id":192,"date":"2026-04-05T10:02:18","date_gmt":"2026-04-05T10:02:18","guid":{"rendered":"https:\/\/docosmetics.ch\/shop\/produkt\/is-clinical-retinol-emulsion-1-0-30g\/"},"modified":"2026-04-05T10:02:18","modified_gmt":"2026-04-05T10:02:18","slug":"is-clinical-retinol-emulsion-1-0-30g","status":"publish","type":"product","link":"https:\/\/docosmetics.ch\/shop\/produkt\/is-clinical-retinol-emulsion-1-0-30g\/","title":{"rendered":"iS Clinical RETINOL+ EMULSION 1.0 \u2013 30g"},"content":{"rendered":"<p>Unsere maximal starke, schnell wirkende Retinol+ Emulsion 1.0 ist eine leistungsstarke keratolytische Formel mit einem Retinol pflanzlichen Ursprungs, das unter anderem bioidentischen Lipide, Phosphatidylcholin und Triglyceride enth\u00e4lt. Dieses gezielt eingesetzte Retinol verbessert den Gesamtzustand der Haut durch seine vitaminhaltigen und antioxidativen Eigenschaften, die f\u00fcr eine normale Epithelisierung der Haut erforderlich sind. Gleichzeitig tr\u00e4gt eine firmeneigene Mischung aus wirksamen pflanzlichen Boosterstoffen, Antioxidantien und Extremozymes\u00ae dazu bei, die Haut zu n\u00e4hren und ihre Widerstandsf\u00e4higkeit zu verbessern. Retinol+ Emulsion 1.0 ist eine hochwirksame Formel, die nur auf Anraten eines zugelassenen Experten verwendet werden darf.<\/p>\n<p><b>INDIKATIONEN:<\/b><\/p>\n<p>\u2022Normale, fettige, trockene oder Mischhaut<\/p>\n<p>\u2022Feine Linien und tiefe F\u00e4ltchen\u2022Umweltbedingte Sch\u00e4den<\/p>\n<p>\u2022Ungleichm\u00e4\u00dfiger Hautton und ungleichm\u00e4\u00dfige Textur<\/p>\n<p>\u2022Mangelnde Elastizit\u00e4t, Erschlaffung<\/p>\n<p>\u2022Fahler Teint<\/p>\n<p>\u2022Alle Geschlechter<\/p>\n<p><b>DOSIERUNG:<\/b><\/p>\n<p>Pro Anwendung 2-3 Pumpst\u00f6\u00dfe auf das Gesicht auftragen (oder nach Anweisung). Verwenden Sie das Produkt eine Woche lang alle 2-3 Tage abends , pausieren Sie dann f\u00fcr eine Woche und setzen Sie anschlie\u00dfend den Zyklus for. Sprechen Sie mit Ihrem Arzt oder Hautpflegeexperten \u00fcber Ihren individuellen Hauttyp und Ihre Bed\u00fcrfnisse, bevor Sie bevor Sie mit einer empfohlenen Anwendung beginnen.<\/p>\n<p>&nbsp;<\/p>\n<p><b>Kein Onlineverkauf m\u00f6glich!<\/b><\/p>\n","protected":false},"excerpt":{"rendered":"<p>Unsere maximal starke, schnell wirkende Retinol+ Emulsion 1.0 ist eine leistungsstarke keratolytische Formel mit einem Retinol pflanzlichen Ursprungs, das unter anderem bioidentischen Lipide, Phosphatidylcholin und Triglyceride enth\u00e4lt. Dieses gezielt eingesetzte Retinol verbessert den Gesamtzustand der Haut durch seine vitaminhaltigen und antioxidativen Eigenschaften, die f\u00fcr eine normale Epithelisierung der Haut erforderlich sind. Gleichzeitig tr\u00e4gt eine firmeneigene [&hellip;]<\/p>\n","protected":false},"featured_media":191,"template":"","meta":[],"product_brand":[25],"product_cat":[22],"product_tag":[],"class_list":{"0":"post-192","1":"product","2":"type-product","3":"status-publish","4":"has-post-thumbnail","6":"product_brand-is-clinical","7":"product_cat-korrektur","9":"first","10":"instock","11":"shipping-taxable","12":"purchasable","13":"product-type-simple"},"_links":{"self":[{"href":"https:\/\/docosmetics.ch\/shop\/wp-json\/wp\/v2\/product\/192","targetHints":{"allow":["GET"]}}],"collection":[{"href":"https:\/\/docosmetics.ch\/shop\/wp-json\/wp\/v2\/product"}],"about":[{"href":"https:\/\/docosmetics.ch\/shop\/wp-json\/wp\/v2\/types\/product"}],"wp:featuredmedia":[{"embeddable":true,"href":"https:\/\/docosmetics.ch\/shop\/wp-json\/wp\/v2\/media\/191"}],"wp:attachment":[{"href":"https:\/\/docosmetics.ch\/shop\/wp-json\/wp\/v2\/media?parent=192"}],"wp:term":[{"taxonomy":"product_brand","embeddable":true,"href":"https:\/\/docosmetics.ch\/shop\/wp-json\/wp\/v2\/product_brand?post=192"},{"taxonomy":"product_cat","embeddable":true,"href":"https:\/\/docosmetics.ch\/shop\/wp-json\/wp\/v2\/product_cat?post=192"},{"taxonomy":"product_tag","embeddable":true,"href":"https:\/\/docosmetics.ch\/shop\/wp-json\/wp\/v2\/product_tag?post=192"}],"curies":[{"name":"wp","href":"https:\/\/api.w.org\/{rel}","templated":true}]}}