{"id":196,"date":"2026-04-05T10:02:17","date_gmt":"2026-04-05T10:02:17","guid":{"rendered":"https:\/\/docosmetics.ch\/shop\/produkt\/is-clinical-super-serum-advance-30ml\/"},"modified":"2026-04-05T10:02:18","modified_gmt":"2026-04-05T10:02:18","slug":"is-clinical-super-serum-advance-30ml","status":"publish","type":"product","link":"https:\/\/docosmetics.ch\/shop\/produkt\/is-clinical-super-serum-advance-30ml\/","title":{"rendered":"iS Clinical SUPER SERUM ADVANCE+\u00ae (30ml)"},"content":{"rendered":"<p>Das&nbsp;<b><i>SUPER SERUM\u2122 ADVANCE+\u00ae&nbsp;<\/i><\/b>ist eine wissenschaftlich hochentwickelte, klinisch erprobte Formel, die erstmals eine 15-prozentige Konzentration unserer zukunftsweisenden Ascorbins\u00e4ure (Vitamin C) mit einem Kupfer-Tripeptid-Wachstumsfaktor (naturidentisch) f\u00fcr verbesserte Anti-Aging-Eigenschaften vereint. Das&nbsp;<b><i>SUPER SERUM ADVANCE+<\/i><\/b>&nbsp;beinhaltet au\u00dferdem kraftvolle, pflanzliche Antioxidantien und sichere Aufheller.<\/p>\n<p>WIRKUNGSWEISE<\/p>\n<p>\u2022 Erh\u00f6ht erheblich die Kollagenproduktion<br \/>\u2022 Hilft die Erscheinung von feinen Linien und Falten zu verringern<br \/>\u2022 Hilft hypertrophes (verdicktes) Narbengewebe und feine Dehnungsstreifen zu reduzieren<br \/>\u2022 Hellt auf und korrigiert ungleichm\u00e4\u00dfige Pigmentierung<br \/>\u2022 Bietet UV-Photoprotektion<br \/>\u2022 Bietet extrem wirksamen antioxidativen Schutz<br \/>\u2022 Parabenfrei<\/p>\n<p>&nbsp;<\/p>\n<p><span>Vitamin C, Ascorbins\u00e4ure 15,0%<\/span><br \/>Stabilisierte Formel der L-Ascorbins\u00e4ure. Sie stimuliert die Kollagensynthese und f\u00f6rdert die Wundheilung. Starker Antioxidant mit Foto-Schutz und antientz\u00fcndlichen Eigenschaften.&nbsp;<span>Copper Tripeptid (Wachstumsfaktor)<\/span><br \/>Stimuliert die Produktion von Kollagen (klinisch gepf\u00fcft). Die Hautstruktur wird wiederhergestellt und F\u00e4ltchen \u00fcber die Zeit gl\u00e4ttet.&nbsp;<span>Arbutin 0.5% und Polyporus Umbellatus 0,5%<\/span><br \/>Hemmt die Tyrosinase (Melanin \u2013 Pigmentierungsenzym) Bildung, Kupfer enthaltende Enzym gilt als unentbehrlich f\u00fcr den Schutz vor UV-Strahlung und Hyperpigmentierung.&nbsp;<span>Centella Asiatica 0,1%<\/span><br \/>Wirkt stark antioxidativ und beruhigend.&nbsp;<\/p>\n","protected":false},"excerpt":{"rendered":"<p>Das&nbsp;SUPER SERUM\u2122 ADVANCE+\u00ae&nbsp;ist eine wissenschaftlich hochentwickelte, klinisch erprobte Formel, die erstmals eine 15-prozentige Konzentration unserer zukunftsweisenden Ascorbins\u00e4ure (Vitamin C) mit einem Kupfer-Tripeptid-Wachstumsfaktor (naturidentisch) f\u00fcr verbesserte Anti-Aging-Eigenschaften vereint. Das&nbsp;SUPER SERUM ADVANCE+&nbsp;beinhaltet au\u00dferdem kraftvolle, pflanzliche Antioxidantien und sichere Aufheller. WIRKUNGSWEISE \u2022 Erh\u00f6ht erheblich die Kollagenproduktion\u2022 Hilft die Erscheinung von feinen Linien und Falten zu verringern\u2022 Hilft hypertrophes [&hellip;]<\/p>\n","protected":false},"featured_media":195,"template":"","meta":[],"product_brand":[25],"product_cat":[22],"product_tag":[],"class_list":{"0":"post-196","1":"product","2":"type-product","3":"status-publish","4":"has-post-thumbnail","6":"product_brand-is-clinical","7":"product_cat-korrektur","9":"first","10":"instock","11":"shipping-taxable","12":"purchasable","13":"product-type-simple"},"_links":{"self":[{"href":"https:\/\/docosmetics.ch\/shop\/wp-json\/wp\/v2\/product\/196","targetHints":{"allow":["GET"]}}],"collection":[{"href":"https:\/\/docosmetics.ch\/shop\/wp-json\/wp\/v2\/product"}],"about":[{"href":"https:\/\/docosmetics.ch\/shop\/wp-json\/wp\/v2\/types\/product"}],"wp:featuredmedia":[{"embeddable":true,"href":"https:\/\/docosmetics.ch\/shop\/wp-json\/wp\/v2\/media\/195"}],"wp:attachment":[{"href":"https:\/\/docosmetics.ch\/shop\/wp-json\/wp\/v2\/media?parent=196"}],"wp:term":[{"taxonomy":"product_brand","embeddable":true,"href":"https:\/\/docosmetics.ch\/shop\/wp-json\/wp\/v2\/product_brand?post=196"},{"taxonomy":"product_cat","embeddable":true,"href":"https:\/\/docosmetics.ch\/shop\/wp-json\/wp\/v2\/product_cat?post=196"},{"taxonomy":"product_tag","embeddable":true,"href":"https:\/\/docosmetics.ch\/shop\/wp-json\/wp\/v2\/product_tag?post=196"}],"curies":[{"name":"wp","href":"https:\/\/api.w.org\/{rel}","templated":true}]}}