{"id":206,"date":"2026-04-05T10:02:17","date_gmt":"2026-04-05T10:02:17","guid":{"rendered":"https:\/\/docosmetics.ch\/shop\/produkt\/is-clinical-youth-intensive-creme-50-g\/"},"modified":"2026-04-05T10:02:17","modified_gmt":"2026-04-05T10:02:17","slug":"is-clinical-youth-intensive-creme-50-g","status":"publish","type":"product","link":"https:\/\/docosmetics.ch\/shop\/produkt\/is-clinical-youth-intensive-creme-50-g\/","title":{"rendered":"iS Clinical YOUTH INTENSIVE CR\u00c8ME (50 g)"},"content":{"rendered":"<p><i><b>Youth Intensive Cr\u00e9me<\/b><\/i>&nbsp;verf\u00fcgt eine au\u00dferordentlich reichhaltige und luxuri\u00f6se Anti-Aging-Rezeptur, die feine Lininen und Falten reduziert und die Haut hydriert.&nbsp;<br \/>Die Cr\u00e9me kombiniert die reinsten und effektivsten pflanzlichen Feuchtigkeitsspender, Antioxidantien und Wachstumsfaktoren.&nbsp;<i><b>Youth Intensive Cr\u00e9me&nbsp;<\/b><\/i>gl\u00e4ttet die Haut sofort und hinterl\u00e4sst einen strafferen und gl\u00e4nzenden Teint.<\/p>\n<p>WIRKUNGSWEISE<\/p>\n<ul>\n<li>24 Stunden&nbsp;feuchtigkeitsspendend<\/li>\n<li>F\u00fcllt feine Linien und Falten auf<\/li>\n<li>Stimuliert die Kollagenproduktion f\u00fcr straffere Haut<\/li>\n<li>Schonende Exfolierung f\u00fcr jugendliche Ausstrahlung<\/li>\n<li>Kr\u00e4ftigt die Hautstruktur<\/li>\n<li>Parabenfrei<\/li>\n<\/ul>\n<p><span>Pflanzliche Hyalurons\u00e4ure 10,0%<\/span>&nbsp;<br \/>Bindet bis zu 1800-fache seines Molekulargewichts in Wasser.&nbsp;<span>Superoxid Dismutase, SOD 1,0%<\/span>&nbsp;<br \/>K\u00f6rpereigenes Enzym, eines der st\u00e4rksten Antioxidantien wenn es um Hautalterung geht.<\/p>\n<p><span>Vitamin C, Ascorbins\u00e4ure 5,0%<\/span>&nbsp;<br \/>Stabilisierte Formel der L-Ascorbins\u00e4ure. Sie stimuliert die Kollagensynthese und f\u00f6rdert die Wundheilung. Starker Antioxidant mit Foto-Schutz und antientz\u00fcndlichen Eigenschaften.<\/p>\n<p><span>Copper Tripeptid (Wachstumsfaktor)<\/span>&nbsp;<br \/>Stimuliert die Produktion von Kollagen (Klinisch gepf\u00fcft). Die Hautstruktur wird wiederhergestellt und F\u00e4ltchen \u00fcber die Zeit gl\u00e4ttet.&nbsp;<\/p>\n","protected":false},"excerpt":{"rendered":"<p>Youth Intensive Cr\u00e9me&nbsp;verf\u00fcgt eine au\u00dferordentlich reichhaltige und luxuri\u00f6se Anti-Aging-Rezeptur, die feine Lininen und Falten reduziert und die Haut hydriert.&nbsp;Die Cr\u00e9me kombiniert die reinsten und effektivsten pflanzlichen Feuchtigkeitsspender, Antioxidantien und Wachstumsfaktoren.&nbsp;Youth Intensive Cr\u00e9me&nbsp;gl\u00e4ttet die Haut sofort und hinterl\u00e4sst einen strafferen und gl\u00e4nzenden Teint. WIRKUNGSWEISE 24 Stunden&nbsp;feuchtigkeitsspendend F\u00fcllt feine Linien und Falten auf Stimuliert die Kollagenproduktion f\u00fcr [&hellip;]<\/p>\n","protected":false},"featured_media":205,"template":"","meta":[],"product_brand":[25],"product_cat":[22],"product_tag":[],"class_list":{"0":"post-206","1":"product","2":"type-product","3":"status-publish","4":"has-post-thumbnail","6":"product_brand-is-clinical","7":"product_cat-korrektur","9":"first","10":"instock","11":"shipping-taxable","12":"purchasable","13":"product-type-simple"},"_links":{"self":[{"href":"https:\/\/docosmetics.ch\/shop\/wp-json\/wp\/v2\/product\/206","targetHints":{"allow":["GET"]}}],"collection":[{"href":"https:\/\/docosmetics.ch\/shop\/wp-json\/wp\/v2\/product"}],"about":[{"href":"https:\/\/docosmetics.ch\/shop\/wp-json\/wp\/v2\/types\/product"}],"wp:featuredmedia":[{"embeddable":true,"href":"https:\/\/docosmetics.ch\/shop\/wp-json\/wp\/v2\/media\/205"}],"wp:attachment":[{"href":"https:\/\/docosmetics.ch\/shop\/wp-json\/wp\/v2\/media?parent=206"}],"wp:term":[{"taxonomy":"product_brand","embeddable":true,"href":"https:\/\/docosmetics.ch\/shop\/wp-json\/wp\/v2\/product_brand?post=206"},{"taxonomy":"product_cat","embeddable":true,"href":"https:\/\/docosmetics.ch\/shop\/wp-json\/wp\/v2\/product_cat?post=206"},{"taxonomy":"product_tag","embeddable":true,"href":"https:\/\/docosmetics.ch\/shop\/wp-json\/wp\/v2\/product_tag?post=206"}],"curies":[{"name":"wp","href":"https:\/\/api.w.org\/{rel}","templated":true}]}}