{"id":208,"date":"2026-04-05T10:02:17","date_gmt":"2026-04-05T10:02:17","guid":{"rendered":"https:\/\/docosmetics.ch\/shop\/produkt\/is-clinical-youth-lip-elixir-3-x-35g\/"},"modified":"2026-04-05T10:02:17","modified_gmt":"2026-04-05T10:02:17","slug":"is-clinical-youth-lip-elixir-3-x-35g","status":"publish","type":"product","link":"https:\/\/docosmetics.ch\/shop\/produkt\/is-clinical-youth-lip-elixir-3-x-35g\/","title":{"rendered":"iS Clinical YOUTH LIP ELIXIR (3 x 3,5g)"},"content":{"rendered":"<p>Dieses luxuri\u00f6se, besonders feuchtigkeitsspendende Elixier gl\u00e4ttet und spendet Feuchtigkeit \u2013 f\u00fcr eine sch\u00f6nere, weichere und prallere<\/p>\n<p>Lippenpartie. Die innovative Formel vereint die reinsten, hochkonzentrierten Pflanzenextrakten und Antioxidantien wie Hyalurons\u00e4ure,<\/p>\n<p>die Vitamine C, E und B5, Shea- und Kakaobutter sowie unsere patentierte Kombination aus Extremozyme\u00ae, die einen unnachahmlichen<\/p>\n<p>Mehrfach-Schutz vor sch\u00e4dlichen Umwelteinfl\u00fcssen bietet.<\/p>\n<p>&nbsp;<\/p>\n<p>Wirkungsweise<\/p>\n<ul>\n<li>N\u00e4hrender Cremekomplex f\u00fcr eine intensive, tief eindringende Feuchtigkeitspflege<\/li>\n<li>Verbessert sichtbar das Aussehen dehydrierter Lippen<\/li>\n<li>Polstert und gl\u00e4ttet<\/li>\n<li>Definiert die Lippenkontur (den Lippenrand)<\/li>\n<li>Sorgt f\u00fcr sofortige, langanhaltende Ergebnisse<\/li>\n<li>Ohne Parabene<\/li>\n<\/ul>\n<p>&nbsp;<\/p>\n<p>&nbsp;<\/p>\n<p><b>Kakaobutter 8,0 %<\/b><\/p>\n<p>R\u00fcckfettendes Antioxidans.<\/p>\n<p><b>Tetrahexyldecyl Ascorbat (Vitamin C) 3,79 %<\/b><\/p>\n<p>Eine modifizierte Form von Vitamin C, die fettl\u00f6slich ist. Diese Modifizierung erm\u00f6glicht es, die Haut besser zu durchdringen.<\/p>\n<p><b>Extremozymes\u00ae Eine Kombination von extremophilen Enzymen 13,0 %<\/b><\/p>\n<p>Extremozymes\u00ae, um Proteine \/ DNA der Zellen zu sch \u00fctzen und zu r eparieren.<\/p>\n<p><b>Microsphere Kapseln 2,0 %<\/b><\/p>\n<p>Speziell vernetzte K\u00fcgelchen, die in der Epidermis Feuchtigkeit binden, aufquellen und von innen aufpolstern.<\/p>\n<p><b>Tocopherol (Vitamin E) 2,0 %<\/b><\/p>\n<p>Potentes, lipophiles Antioxidans, hemmt DNA-Sch\u00e4den. Sch\u00fctzt vor UV-induzierten Lichtsch\u00e4den.<\/p>\n<p><b>Shea Unsaponifiable\u2122 1,5 %<\/b><\/p>\n<p>Reparierend, kr\u00e4ftigend und feuchtigkeitsspendend.<\/p>\n<p><b>Acmella Oleracea (Parakresse)-Extrakt 0,5 %<\/b><\/p>\n<p>Definiert die Lippenkontur und wirkt stark gl\u00e4ttend.<\/p>\n<p><b>Hyalurons\u00e4ure, Pflanzliche Hyalurons\u00e4ure 3,75 %<\/b><\/p>\n<p>Bindet das bis zu 1800-Fache seines Molekulargewichts in Wasser.<\/p>\n<p><b>Centella Asiatica 0,3 %<\/b><\/p>\n<p>Stimuliert die Kollagensynthese und regt die Mikrozirkulation an. F\u00f6rdert die Wundheilung und reduziert die Narbenbildung.<\/p>\n","protected":false},"excerpt":{"rendered":"<p>Dieses luxuri\u00f6se, besonders feuchtigkeitsspendende Elixier gl\u00e4ttet und spendet Feuchtigkeit \u2013 f\u00fcr eine sch\u00f6nere, weichere und prallere Lippenpartie. Die innovative Formel vereint die reinsten, hochkonzentrierten Pflanzenextrakten und Antioxidantien wie Hyalurons\u00e4ure, die Vitamine C, E und B5, Shea- und Kakaobutter sowie unsere patentierte Kombination aus Extremozyme\u00ae, die einen unnachahmlichen Mehrfach-Schutz vor sch\u00e4dlichen Umwelteinfl\u00fcssen bietet. &nbsp; Wirkungsweise N\u00e4hrender [&hellip;]<\/p>\n","protected":false},"featured_media":207,"template":"","meta":[],"product_brand":[25],"product_cat":[22],"product_tag":[],"class_list":{"0":"post-208","1":"product","2":"type-product","3":"status-publish","4":"has-post-thumbnail","6":"product_brand-is-clinical","7":"product_cat-korrektur","9":"first","10":"instock","11":"shipping-taxable","12":"purchasable","13":"product-type-simple"},"_links":{"self":[{"href":"https:\/\/docosmetics.ch\/shop\/wp-json\/wp\/v2\/product\/208","targetHints":{"allow":["GET"]}}],"collection":[{"href":"https:\/\/docosmetics.ch\/shop\/wp-json\/wp\/v2\/product"}],"about":[{"href":"https:\/\/docosmetics.ch\/shop\/wp-json\/wp\/v2\/types\/product"}],"wp:featuredmedia":[{"embeddable":true,"href":"https:\/\/docosmetics.ch\/shop\/wp-json\/wp\/v2\/media\/207"}],"wp:attachment":[{"href":"https:\/\/docosmetics.ch\/shop\/wp-json\/wp\/v2\/media?parent=208"}],"wp:term":[{"taxonomy":"product_brand","embeddable":true,"href":"https:\/\/docosmetics.ch\/shop\/wp-json\/wp\/v2\/product_brand?post=208"},{"taxonomy":"product_cat","embeddable":true,"href":"https:\/\/docosmetics.ch\/shop\/wp-json\/wp\/v2\/product_cat?post=208"},{"taxonomy":"product_tag","embeddable":true,"href":"https:\/\/docosmetics.ch\/shop\/wp-json\/wp\/v2\/product_tag?post=208"}],"curies":[{"name":"wp","href":"https:\/\/api.w.org\/{rel}","templated":true}]}}