{"id":214,"date":"2026-04-05T10:02:17","date_gmt":"2026-04-05T10:02:17","guid":{"rendered":"https:\/\/docosmetics.ch\/shop\/produkt\/is-clinical-moisturizing-complex-50g\/"},"modified":"2026-04-05T10:02:17","modified_gmt":"2026-04-05T10:02:17","slug":"is-clinical-moisturizing-complex-50g","status":"publish","type":"product","link":"https:\/\/docosmetics.ch\/shop\/produkt\/is-clinical-moisturizing-complex-50g\/","title":{"rendered":"iS Clinical MOISTURIZING COMPLEX (50G)"},"content":{"rendered":"<p>Der intensiv feuchtigkeitsspendende, antioxidantienreiche Moisturizing Complex enth\u00e4lt kraftvolle Pflanzenstoffe, nat\u00fcrliche Vitamine, starke Antioxidantien und essentielle Bion\u00e4hrstoffe, die synergetisch zusammenwirken, um eine feuchtigkeitsspendende, sch\u00fctzende Barriere gegen Umweltbelastungen zu bilden. Die Formel kann morgens und abends f\u00fcr alle Hauttypen und jedes Alter verwendet werden und ist eine wirksame und vielseitige Feuchtigkeitspflege.<\/p>\n<p>&nbsp;<\/p>\n<p><b>Hyalurons\u00e4ure<\/b><br \/>Einer der st\u00e4rksten Feuchtigkeitsspender der Natur.<\/p>\n<p>&nbsp;<\/p>\n<p><b>Japanischer Gr\u00fcntee<\/b><br \/>Beruhigendes Antioxidans, das zu einer gesunden Haut beitr\u00e4gt.<\/p>\n<p>&nbsp;<\/p>\n<p><b>Vitamin A (Retinol)<\/b><br \/>Ein starkes Antioxidans, das die Gesundheit der Haut unterst\u00fctzt und hilft, vorzeitige Hautalterung zu vermindern.<\/p>\n<p>&nbsp;<\/p>\n<p><b>Vitamin E<\/b><br \/>Hochwirksamer Feuchtigkeitsspender und Antioxidant, der vor den optischen Auswirkungen von Lichtsch\u00e4den sch\u00fctzt.<\/p>\n","protected":false},"excerpt":{"rendered":"<p>Der intensiv feuchtigkeitsspendende, antioxidantienreiche Moisturizing Complex enth\u00e4lt kraftvolle Pflanzenstoffe, nat\u00fcrliche Vitamine, starke Antioxidantien und essentielle Bion\u00e4hrstoffe, die synergetisch zusammenwirken, um eine feuchtigkeitsspendende, sch\u00fctzende Barriere gegen Umweltbelastungen zu bilden. Die Formel kann morgens und abends f\u00fcr alle Hauttypen und jedes Alter verwendet werden und ist eine wirksame und vielseitige Feuchtigkeitspflege. &nbsp; Hyalurons\u00e4ureEiner der st\u00e4rksten Feuchtigkeitsspender der [&hellip;]<\/p>\n","protected":false},"featured_media":213,"template":"","meta":[],"product_brand":[25],"product_cat":[23],"product_tag":[],"class_list":{"0":"post-214","1":"product","2":"type-product","3":"status-publish","4":"has-post-thumbnail","6":"product_brand-is-clinical","7":"product_cat-hydrierung","9":"first","10":"instock","11":"shipping-taxable","12":"purchasable","13":"product-type-simple"},"_links":{"self":[{"href":"https:\/\/docosmetics.ch\/shop\/wp-json\/wp\/v2\/product\/214","targetHints":{"allow":["GET"]}}],"collection":[{"href":"https:\/\/docosmetics.ch\/shop\/wp-json\/wp\/v2\/product"}],"about":[{"href":"https:\/\/docosmetics.ch\/shop\/wp-json\/wp\/v2\/types\/product"}],"wp:featuredmedia":[{"embeddable":true,"href":"https:\/\/docosmetics.ch\/shop\/wp-json\/wp\/v2\/media\/213"}],"wp:attachment":[{"href":"https:\/\/docosmetics.ch\/shop\/wp-json\/wp\/v2\/media?parent=214"}],"wp:term":[{"taxonomy":"product_brand","embeddable":true,"href":"https:\/\/docosmetics.ch\/shop\/wp-json\/wp\/v2\/product_brand?post=214"},{"taxonomy":"product_cat","embeddable":true,"href":"https:\/\/docosmetics.ch\/shop\/wp-json\/wp\/v2\/product_cat?post=214"},{"taxonomy":"product_tag","embeddable":true,"href":"https:\/\/docosmetics.ch\/shop\/wp-json\/wp\/v2\/product_tag?post=214"}],"curies":[{"name":"wp","href":"https:\/\/api.w.org\/{rel}","templated":true}]}}