{"id":224,"date":"2026-04-05T10:02:17","date_gmt":"2026-04-05T10:02:17","guid":{"rendered":"https:\/\/docosmetics.ch\/shop\/produkt\/is-clinical-eclipse-spf-50-non-tinted-100g\/"},"modified":"2026-04-05T10:02:17","modified_gmt":"2026-04-05T10:02:17","slug":"is-clinical-eclipse-spf-50-non-tinted-100g","status":"publish","type":"product","link":"https:\/\/docosmetics.ch\/shop\/produkt\/is-clinical-eclipse-spf-50-non-tinted-100g\/","title":{"rendered":"iS Clinical ECLIPSE SPF 50+ NON-TINTED (100g)"},"content":{"rendered":"<p><b><i>ECLIPSE SPF 50+<\/i><\/b> ist eine einzigartige Verbindung aus wissenschaftlich hochentwickelten physikalischen Sonnenschutzmitteln \u2013 transparentem Titandioxid und mikronisiertem Zinkoxid \u2013 und purem Vitamin E und wurde speziell f\u00fcr den t\u00e4glichen Gebrauch und ausgiebige Aktivit\u00e4ten im Freien zusammengesetzt. Diese Mischung ist reich an Antioxidantien und bietet einen hervorragenden wasserfesten Breitband-UVA\/UVB-Schutz.<i><b> ECLIPSE SPF 50+<\/b><\/i> ist eine hauchzarte, leichte Formel, die schnell in die Haut einzieht und keinen fettigen Film hinterl\u00e4sst.<\/p>\n<p>WIRKUNGSWEISE<\/p>\n<ul>\n<li>Bietet einen durchweg physikalischen Breitband-UVA\/UVB-Schutz<\/li>\n<li>Hauchzart, zieht schnell ein und hinterl\u00e4sst ein schwereloses Finish<\/li>\n<li>Wasserfest<\/li>\n<li>Parabenfrei<\/li>\n<\/ul>\n<p><span>Extremozymes\u00ae<\/span><br \/>Eine Kombination von extremophilen Enzymen (Extremozymes\u00ae) um Proteine \/ DNA der Zellen zu sch\u00fctzen und zu reparieren.<\/p>\n<p><span>Octinoxate 5,5 %<\/span><br \/>Octinoxat ist ein 1:1-Gemisch aus zwei isomeren chemischen Verbindungen aus der Gruppe der Zimts\u00e4ureester sowie ein UV-Filter, welcher in Sonnencremes verwendet wird. Sicherer physikalische Breitspektrum-UVA \/ UVB-Sonnenschutzwirkstoff bietet eine physikalische Barriere und absorbiert UV-Strahlung.<\/p>\n<p><span>Vitamin E 3.6 %<\/span><br \/>Potentes lipophiler Antioxidant. Hemmt die DNA-Sch\u00e4den. Sch\u00fctzt vor UV-induzierte Lichtsch\u00e4den.<\/p>\n<p><span>Zink Oxid (mikronisiert) 4,12 %<\/span><br \/>Sicherer, physikalischer Breitband Filter UVA\/UVB. Absorbiert UVA\/ UVB Strahlung.&nbsp;<\/p>\n","protected":false},"excerpt":{"rendered":"<p>ECLIPSE SPF 50+ ist eine einzigartige Verbindung aus wissenschaftlich hochentwickelten physikalischen Sonnenschutzmitteln \u2013 transparentem Titandioxid und mikronisiertem Zinkoxid \u2013 und purem Vitamin E und wurde speziell f\u00fcr den t\u00e4glichen Gebrauch und ausgiebige Aktivit\u00e4ten im Freien zusammengesetzt. Diese Mischung ist reich an Antioxidantien und bietet einen hervorragenden wasserfesten Breitband-UVA\/UVB-Schutz. ECLIPSE SPF 50+ ist eine hauchzarte, leichte [&hellip;]<\/p>\n","protected":false},"featured_media":223,"template":"","meta":[],"product_brand":[25],"product_cat":[24],"product_tag":[],"class_list":{"0":"post-224","1":"product","2":"type-product","3":"status-publish","4":"has-post-thumbnail","6":"product_brand-is-clinical","7":"product_cat-sonnenschutz","9":"first","10":"instock","11":"shipping-taxable","12":"purchasable","13":"product-type-simple"},"_links":{"self":[{"href":"https:\/\/docosmetics.ch\/shop\/wp-json\/wp\/v2\/product\/224","targetHints":{"allow":["GET"]}}],"collection":[{"href":"https:\/\/docosmetics.ch\/shop\/wp-json\/wp\/v2\/product"}],"about":[{"href":"https:\/\/docosmetics.ch\/shop\/wp-json\/wp\/v2\/types\/product"}],"wp:featuredmedia":[{"embeddable":true,"href":"https:\/\/docosmetics.ch\/shop\/wp-json\/wp\/v2\/media\/223"}],"wp:attachment":[{"href":"https:\/\/docosmetics.ch\/shop\/wp-json\/wp\/v2\/media?parent=224"}],"wp:term":[{"taxonomy":"product_brand","embeddable":true,"href":"https:\/\/docosmetics.ch\/shop\/wp-json\/wp\/v2\/product_brand?post=224"},{"taxonomy":"product_cat","embeddable":true,"href":"https:\/\/docosmetics.ch\/shop\/wp-json\/wp\/v2\/product_cat?post=224"},{"taxonomy":"product_tag","embeddable":true,"href":"https:\/\/docosmetics.ch\/shop\/wp-json\/wp\/v2\/product_tag?post=224"}],"curies":[{"name":"wp","href":"https:\/\/api.w.org\/{rel}","templated":true}]}}