{"id":230,"date":"2026-04-05T10:02:16","date_gmt":"2026-04-05T10:02:16","guid":{"rendered":"https:\/\/docosmetics.ch\/shop\/produkt\/is-clinical-extreme-protect-spf-40-non-tinted-100g\/"},"modified":"2026-04-05T10:02:17","modified_gmt":"2026-04-05T10:02:17","slug":"is-clinical-extreme-protect-spf-40-non-tinted-100g","status":"publish","type":"product","link":"https:\/\/docosmetics.ch\/shop\/produkt\/is-clinical-extreme-protect-spf-40-non-tinted-100g\/","title":{"rendered":"iS Clinical EXTREME PROTECT SPF 40 NON TINTED (100g)"},"content":{"rendered":"<p>Extreme Protect SPF 40 ist eine mehrstufige, umweltfreundliche Schutzformel, die unsere firmeneigene Extremozyme-Technologie mit wissenschaftlich fortschrittlichen, rein physikalischen Sonnenschutzwirkstoffen kombiniert: transparentes mikronisiertes Zinkoxid und transparentes mikronisiertes Titandioxid. Dieses antioxidantienreiche, hochmoderne UVA\/UVB-Sonnenschutzmittel mit breitem Spektrum unterst\u00fctzt die optimale Gesundheit der Haut, w\u00e4hrend es Feuchtigkeit spendet und sch\u00fctzt.<\/p>\n","protected":false},"excerpt":{"rendered":"<p>Extreme Protect SPF 40 ist eine mehrstufige, umweltfreundliche Schutzformel, die unsere firmeneigene Extremozyme-Technologie mit wissenschaftlich fortschrittlichen, rein physikalischen Sonnenschutzwirkstoffen kombiniert: transparentes mikronisiertes Zinkoxid und transparentes mikronisiertes Titandioxid. Dieses antioxidantienreiche, hochmoderne UVA\/UVB-Sonnenschutzmittel mit breitem Spektrum unterst\u00fctzt die optimale Gesundheit der Haut, w\u00e4hrend es Feuchtigkeit spendet und sch\u00fctzt.<\/p>\n","protected":false},"featured_media":229,"template":"","meta":[],"product_brand":[25],"product_cat":[24],"product_tag":[],"class_list":{"0":"post-230","1":"product","2":"type-product","3":"status-publish","4":"has-post-thumbnail","6":"product_brand-is-clinical","7":"product_cat-sonnenschutz","9":"first","10":"instock","11":"shipping-taxable","12":"purchasable","13":"product-type-simple"},"_links":{"self":[{"href":"https:\/\/docosmetics.ch\/shop\/wp-json\/wp\/v2\/product\/230","targetHints":{"allow":["GET"]}}],"collection":[{"href":"https:\/\/docosmetics.ch\/shop\/wp-json\/wp\/v2\/product"}],"about":[{"href":"https:\/\/docosmetics.ch\/shop\/wp-json\/wp\/v2\/types\/product"}],"wp:featuredmedia":[{"embeddable":true,"href":"https:\/\/docosmetics.ch\/shop\/wp-json\/wp\/v2\/media\/229"}],"wp:attachment":[{"href":"https:\/\/docosmetics.ch\/shop\/wp-json\/wp\/v2\/media?parent=230"}],"wp:term":[{"taxonomy":"product_brand","embeddable":true,"href":"https:\/\/docosmetics.ch\/shop\/wp-json\/wp\/v2\/product_brand?post=230"},{"taxonomy":"product_cat","embeddable":true,"href":"https:\/\/docosmetics.ch\/shop\/wp-json\/wp\/v2\/product_cat?post=230"},{"taxonomy":"product_tag","embeddable":true,"href":"https:\/\/docosmetics.ch\/shop\/wp-json\/wp\/v2\/product_tag?post=230"}],"curies":[{"name":"wp","href":"https:\/\/api.w.org\/{rel}","templated":true}]}}