{"id":236,"date":"2026-04-05T10:02:16","date_gmt":"2026-04-05T10:02:16","guid":{"rendered":"https:\/\/docosmetics.ch\/shop\/produkt\/is-clinical-liprotect-spf-35-5g\/"},"modified":"2026-04-05T10:02:16","modified_gmt":"2026-04-05T10:02:16","slug":"is-clinical-liprotect-spf-35-5g","status":"publish","type":"product","link":"https:\/\/docosmetics.ch\/shop\/produkt\/is-clinical-liprotect-spf-35-5g\/","title":{"rendered":"iS Clinical LIProtect SPF 35 (5g)"},"content":{"rendered":"<p>Liprotect SPF 35 wurde speziell f\u00fcr die empfindliche Haut der Lippen entwickelt und bietet einen leistungsstarken Breitbandschutz, der die sichtbaren Auswirkungen von Lichtsch\u00e4den und Umweltverschmutzung minimiert. Diese mit Antioxidantien angereicherte Pflege ist mehr als nur ein Lippenbalsam. Sie kombiniert sanfte, transparente Sonnenschutzwirkstoffe mit Vitamin E und Kokosnuss\u00f6l, um die Lippen zu pflegen, w\u00e4hrend Holunderbeerenextrakt und Linols\u00e4ure vor Umwelteinfl\u00fcssen sch\u00fctzen.<\/p>\n","protected":false},"excerpt":{"rendered":"<p>Liprotect SPF 35 wurde speziell f\u00fcr die empfindliche Haut der Lippen entwickelt und bietet einen leistungsstarken Breitbandschutz, der die sichtbaren Auswirkungen von Lichtsch\u00e4den und Umweltverschmutzung minimiert. Diese mit Antioxidantien angereicherte Pflege ist mehr als nur ein Lippenbalsam. Sie kombiniert sanfte, transparente Sonnenschutzwirkstoffe mit Vitamin E und Kokosnuss\u00f6l, um die Lippen zu pflegen, w\u00e4hrend Holunderbeerenextrakt und [&hellip;]<\/p>\n","protected":false},"featured_media":235,"template":"","meta":[],"product_brand":[25],"product_cat":[24],"product_tag":[],"class_list":{"0":"post-236","1":"product","2":"type-product","3":"status-publish","4":"has-post-thumbnail","6":"product_brand-is-clinical","7":"product_cat-sonnenschutz","9":"first","10":"instock","11":"shipping-taxable","12":"purchasable","13":"product-type-simple"},"_links":{"self":[{"href":"https:\/\/docosmetics.ch\/shop\/wp-json\/wp\/v2\/product\/236","targetHints":{"allow":["GET"]}}],"collection":[{"href":"https:\/\/docosmetics.ch\/shop\/wp-json\/wp\/v2\/product"}],"about":[{"href":"https:\/\/docosmetics.ch\/shop\/wp-json\/wp\/v2\/types\/product"}],"wp:featuredmedia":[{"embeddable":true,"href":"https:\/\/docosmetics.ch\/shop\/wp-json\/wp\/v2\/media\/235"}],"wp:attachment":[{"href":"https:\/\/docosmetics.ch\/shop\/wp-json\/wp\/v2\/media?parent=236"}],"wp:term":[{"taxonomy":"product_brand","embeddable":true,"href":"https:\/\/docosmetics.ch\/shop\/wp-json\/wp\/v2\/product_brand?post=236"},{"taxonomy":"product_cat","embeddable":true,"href":"https:\/\/docosmetics.ch\/shop\/wp-json\/wp\/v2\/product_cat?post=236"},{"taxonomy":"product_tag","embeddable":true,"href":"https:\/\/docosmetics.ch\/shop\/wp-json\/wp\/v2\/product_tag?post=236"}],"curies":[{"name":"wp","href":"https:\/\/api.w.org\/{rel}","templated":true}]}}