{"id":242,"date":"2026-04-05T10:02:16","date_gmt":"2026-04-05T10:02:16","guid":{"rendered":"https:\/\/docosmetics.ch\/shop\/produkt\/is-clinical-perfectint-powder-spf-40-deep\/"},"modified":"2026-04-05T10:02:16","modified_gmt":"2026-04-05T10:02:16","slug":"is-clinical-perfectint-powder-spf-40-deep","status":"publish","type":"product","link":"https:\/\/docosmetics.ch\/shop\/produkt\/is-clinical-perfectint-powder-spf-40-deep\/","title":{"rendered":"iS Clinical PERFECTINT POWDER SPF 40 DEEP"},"content":{"rendered":"<p>PerfecTint Powder SPF 40 bietet eine seidig glatte Breitspektrum-Abdeckung, um die Haut vor den sichtbaren Zeichen der Lichtalterung zu sch\u00fctzen, w\u00e4hrend das Auftreten von Poren minimiert und Oberfl\u00e4chen\u00f6l absorbiert wird, um ein makelloses Finish zu erzielen.&nbsp; Diese luxuri\u00f6se Formel enth\u00e4lt unsere botanische, antioxidative Extremozym-Technologie, die klinisch nachgewiesen dazu beitr\u00e4gt, die DNA vor Umweltstressoren zu sch\u00fctzen und gleichzeitig Feuchtigkeit zu spenden, sogar in Pulverform.&nbsp; Erh\u00e4ltlich in f\u00fcnf T\u00f6nungen, die sich jedem Hautton von Elfenbein bis Dunkel farblich anpassen.&nbsp; Hervorragend geeignet f\u00fcr Sport, Gesicht, Hals, Dekollet\u00e9, Kopfhaut und den gesamten Schutz.<\/p>\n<p>&nbsp;Enth\u00e4lt 1 Beh\u00e4lter\/Pinsel mit 2 St\u00fcck 3,5 g Pulverkartuschen<br \/>&nbsp;Bietet einen beispiellosen mehrstufigen Breitband-UVA\/UVB-Schutz<br \/>&nbsp;Starker Schutz vor freien Radikalen mit speziell formulierten Antioxidantien<br \/>&nbsp;DNA-Schutz mit Extremozym-Technologie<br \/>&nbsp;Umweltschutz<\/p>\n<p>&nbsp;Einzigartige Formulierung mit hervorragender Feuchtigkeitsversorgung<br \/>&nbsp;Unterst\u00fctzt die Barrierefunktion der Haut<br \/>&nbsp;Verbesserte Reaktion der Haut auf Stress<br \/>&nbsp;Auf pflanzlicher Basis, nicht reizend, nicht allergen<br \/>&nbsp;Ideal f\u00fcr alle Hauttypen, jedes Alter<br \/>&nbsp;Frei von Parabenen<\/p>\n","protected":false},"excerpt":{"rendered":"<p>PerfecTint Powder SPF 40 bietet eine seidig glatte Breitspektrum-Abdeckung, um die Haut vor den sichtbaren Zeichen der Lichtalterung zu sch\u00fctzen, w\u00e4hrend das Auftreten von Poren minimiert und Oberfl\u00e4chen\u00f6l absorbiert wird, um ein makelloses Finish zu erzielen.&nbsp; Diese luxuri\u00f6se Formel enth\u00e4lt unsere botanische, antioxidative Extremozym-Technologie, die klinisch nachgewiesen dazu beitr\u00e4gt, die DNA vor Umweltstressoren zu sch\u00fctzen [&hellip;]<\/p>\n","protected":false},"featured_media":241,"template":"","meta":[],"product_brand":[25],"product_cat":[24],"product_tag":[],"class_list":{"0":"post-242","1":"product","2":"type-product","3":"status-publish","4":"has-post-thumbnail","6":"product_brand-is-clinical","7":"product_cat-sonnenschutz","9":"first","10":"instock","11":"shipping-taxable","12":"purchasable","13":"product-type-simple"},"_links":{"self":[{"href":"https:\/\/docosmetics.ch\/shop\/wp-json\/wp\/v2\/product\/242","targetHints":{"allow":["GET"]}}],"collection":[{"href":"https:\/\/docosmetics.ch\/shop\/wp-json\/wp\/v2\/product"}],"about":[{"href":"https:\/\/docosmetics.ch\/shop\/wp-json\/wp\/v2\/types\/product"}],"wp:featuredmedia":[{"embeddable":true,"href":"https:\/\/docosmetics.ch\/shop\/wp-json\/wp\/v2\/media\/241"}],"wp:attachment":[{"href":"https:\/\/docosmetics.ch\/shop\/wp-json\/wp\/v2\/media?parent=242"}],"wp:term":[{"taxonomy":"product_brand","embeddable":true,"href":"https:\/\/docosmetics.ch\/shop\/wp-json\/wp\/v2\/product_brand?post=242"},{"taxonomy":"product_cat","embeddable":true,"href":"https:\/\/docosmetics.ch\/shop\/wp-json\/wp\/v2\/product_cat?post=242"},{"taxonomy":"product_tag","embeddable":true,"href":"https:\/\/docosmetics.ch\/shop\/wp-json\/wp\/v2\/product_tag?post=242"}],"curies":[{"name":"wp","href":"https:\/\/api.w.org\/{rel}","templated":true}]}}