{"id":244,"date":"2026-04-05T10:02:16","date_gmt":"2026-04-05T10:02:16","guid":{"rendered":"https:\/\/docosmetics.ch\/shop\/produkt\/is-clinical-perfectint-powder-spf-40-ivory\/"},"modified":"2026-04-05T10:02:16","modified_gmt":"2026-04-05T10:02:16","slug":"is-clinical-perfectint-powder-spf-40-ivory","status":"publish","type":"product","link":"https:\/\/docosmetics.ch\/shop\/produkt\/is-clinical-perfectint-powder-spf-40-ivory\/","title":{"rendered":"iS Clinical PERFECTINT POWDER SPF 40 IVORY"},"content":{"rendered":"<p>PerfecTint Powder SPF 40 bietet eine seidig glatte Breitspektrum-Abdeckung, um die Haut vor den sichtbaren Zeichen der Lichtalterung zu sch\u00fctzen, w\u00e4hrend das Auftreten von Poren minimiert und Oberfl\u00e4chen\u00f6l absorbiert wird, um ein makelloses Finish zu erzielen.\u00a0 Diese luxuri\u00f6se Formel enth\u00e4lt unsere botanische, antioxidative Extremozym-Technologie, die klinisch nachgewiesen dazu beitr\u00e4gt, die DNA vor Umweltstressoren zu sch\u00fctzen und gleichzeitig Feuchtigkeit zu spenden, sogar in Pulverform.\u00a0 Erh\u00e4ltlich in f\u00fcnf T\u00f6nungen, die sich jedem Hautton von Elfenbein bis Dunkel farblich anpassen.\u00a0 Hervorragend geeignet f\u00fcr Sport, Gesicht, Hals, Dekollet\u00e9, Kopfhaut und den gesamten Schutz.<\/p>\n<p>Enth\u00e4lt 1 Beh\u00e4lter\/Pinsel mit 2 St\u00fcck 3,5 g Pulverkartuschen<br \/>\nBietet einen beispiellosen mehrstufigen Breitband-UVA\/UVB-Schutz<br \/>\nStarker Schutz vor freien Radikalen mit speziell formulierten Antioxidantien<br \/>\nDNA-Schutz mit Extremozym-Technologie<br \/>\nUmweltschutz<\/p>\n<p>Einzigartige Formulierung mit hervorragender Feuchtigkeitsversorgung<br \/>\nUnterst\u00fctzt die Barrierefunktion der Haut<br \/>\nVerbesserte Reaktion der Haut auf Stress<br \/>\nAuf pflanzlicher Basis, nicht reizend, nicht allergen<br \/>\nIdeal f\u00fcr alle Hauttypen, jedes Alter<br \/>\nFrei von Parabenen<\/p>\n","protected":false},"excerpt":{"rendered":"<p>PerfecTint Powder SPF 40 bietet eine seidig glatte Breitspektrum-Abdeckung, um die Haut vor den sichtbaren Zeichen der Lichtalterung zu sch\u00fctzen, w\u00e4hrend das Auftreten von Poren minimiert und Oberfl\u00e4chen\u00f6l absorbiert wird, um ein makelloses Finish zu erzielen.\u00a0 Diese luxuri\u00f6se Formel enth\u00e4lt unsere botanische, antioxidative Extremozym-Technologie, die klinisch nachgewiesen dazu beitr\u00e4gt, die DNA vor Umweltstressoren zu sch\u00fctzen [&hellip;]<\/p>\n","protected":false},"featured_media":243,"template":"","meta":[],"product_brand":[25],"product_cat":[24],"product_tag":[],"class_list":{"0":"post-244","1":"product","2":"type-product","3":"status-publish","4":"has-post-thumbnail","6":"product_brand-is-clinical","7":"product_cat-sonnenschutz","9":"first","10":"instock","11":"shipping-taxable","12":"purchasable","13":"product-type-simple"},"_links":{"self":[{"href":"https:\/\/docosmetics.ch\/shop\/wp-json\/wp\/v2\/product\/244","targetHints":{"allow":["GET"]}}],"collection":[{"href":"https:\/\/docosmetics.ch\/shop\/wp-json\/wp\/v2\/product"}],"about":[{"href":"https:\/\/docosmetics.ch\/shop\/wp-json\/wp\/v2\/types\/product"}],"wp:featuredmedia":[{"embeddable":true,"href":"https:\/\/docosmetics.ch\/shop\/wp-json\/wp\/v2\/media\/243"}],"wp:attachment":[{"href":"https:\/\/docosmetics.ch\/shop\/wp-json\/wp\/v2\/media?parent=244"}],"wp:term":[{"taxonomy":"product_brand","embeddable":true,"href":"https:\/\/docosmetics.ch\/shop\/wp-json\/wp\/v2\/product_brand?post=244"},{"taxonomy":"product_cat","embeddable":true,"href":"https:\/\/docosmetics.ch\/shop\/wp-json\/wp\/v2\/product_cat?post=244"},{"taxonomy":"product_tag","embeddable":true,"href":"https:\/\/docosmetics.ch\/shop\/wp-json\/wp\/v2\/product_tag?post=244"}],"curies":[{"name":"wp","href":"https:\/\/api.w.org\/{rel}","templated":true}]}}