{"id":54,"date":"2026-04-05T10:02:20","date_gmt":"2026-04-05T10:02:20","guid":{"rendered":"https:\/\/shop.docosmetics.ch\/?post_type=product&#038;p=54"},"modified":"2026-04-05T10:02:20","modified_gmt":"2026-04-05T10:02:20","slug":"tri-active-exfoliating-masque-120g","status":"publish","type":"product","link":"https:\/\/docosmetics.ch\/shop\/produkt\/tri-active-exfoliating-masque-120g\/","title":{"rendered":"iS Clinical TRI-ACTIVE EXFOLIATING MASQUE (120g)"},"content":{"rendered":"<p>Die\u00a0<b><i>TRI-ACTIVE EXFOLIATING MASQUE<\/i><\/b>\u00a0kombiniert pflanzliche Enzyme, Salicyls\u00e4ure und umweltfreundliche Mikroperlen, die eine perfekte physische und biochemische Exfoliation bieten. Die brasilianische Blutorange unterst\u00fctzt die antioxidative Schutzwirkung und sorgt zudem f\u00fcr einen herrlichen Duft. Die Behandlungsmaske mit dem transformierenden Effekt schenkt eine auffallend glatte, strahlende und weiche Haut.<\/p>\n<p>&nbsp;<\/p>\n<p><b>WIRKUNGSWEISE<\/b><\/p>\n<p>\u2022\u00a0 Strafft und gl\u00e4ttet die Haut sofort<\/p>\n<p>\u2022\u00a0 Porenverfeinernd<\/p>\n<p>\u2022\u00a0 Stimuliert die Kollagensynthese<\/p>\n<p>\u2022\u00a0 Sichere und effektive physische und biochemische Exfoliation<\/p>\n<p>\u2022\u00a0 Parabenfrei<\/p>\n<p><b>Cellulose &amp; Vitamin B Mikrok\u00fcgelchen<\/b><br \/>\nEin nat\u00fcrliches, organisches Peeling. Die Peelingh\u00fclle besteht aus Hydroxypropylcellulose und Vitamin B, mit reparierenden und beruhigenden Eigenschaften.<\/p>\n<p>&nbsp;<\/p>\n<p><b>Copper Tripeptid (Wachstumsfaktor)<\/b><\/p>\n<p>Stimuliert die Produktion von Kollagen (klinisch gepf\u00fcft). Die Hautstruktur wird wiederhergestellt und F\u00e4ltchen \u00fcber die Zeit gl\u00e4ttet.<\/p>\n<p><b>Papaya (Papain) Enzyme 0.25%<\/b><\/p>\n<p>Das Papaya Enzym wirkt als Peeling.<\/p>\n<p><b>Salicyls\u00e4ure 8.00%<\/b><\/p>\n<p>Reinigt die Haut bis tief in die Poren ohne Entz\u00fcndungen hervorzurufen.<\/p>\n","protected":false},"excerpt":{"rendered":"<p>Die\u00a0TRI-ACTIVE EXFOLIATING MASQUE\u00a0kombiniert pflanzliche Enzyme, Salicyls\u00e4ure und umweltfreundliche Mikroperlen, die eine perfekte physische und biochemische Exfoliation bieten. Die brasilianische Blutorange unterst\u00fctzt die antioxidative Schutzwirkung und sorgt zudem f\u00fcr einen herrlichen Duft. Die Behandlungsmaske mit dem transformierenden Effekt schenkt eine auffallend glatte, strahlende und weiche Haut. &nbsp; WIRKUNGSWEISE \u2022\u00a0 Strafft und gl\u00e4ttet die Haut sofort \u2022\u00a0 [&hellip;]<\/p>\n","protected":false},"featured_media":55,"template":"","meta":[],"product_brand":[25],"product_cat":[22],"product_tag":[],"class_list":{"0":"post-54","1":"product","2":"type-product","3":"status-publish","4":"has-post-thumbnail","6":"product_brand-is-clinical","7":"product_cat-korrektur","9":"first","10":"instock","11":"shipping-taxable","12":"purchasable","13":"product-type-simple"},"_links":{"self":[{"href":"https:\/\/docosmetics.ch\/shop\/wp-json\/wp\/v2\/product\/54","targetHints":{"allow":["GET"]}}],"collection":[{"href":"https:\/\/docosmetics.ch\/shop\/wp-json\/wp\/v2\/product"}],"about":[{"href":"https:\/\/docosmetics.ch\/shop\/wp-json\/wp\/v2\/types\/product"}],"wp:featuredmedia":[{"embeddable":true,"href":"https:\/\/docosmetics.ch\/shop\/wp-json\/wp\/v2\/media\/55"}],"wp:attachment":[{"href":"https:\/\/docosmetics.ch\/shop\/wp-json\/wp\/v2\/media?parent=54"}],"wp:term":[{"taxonomy":"product_brand","embeddable":true,"href":"https:\/\/docosmetics.ch\/shop\/wp-json\/wp\/v2\/product_brand?post=54"},{"taxonomy":"product_cat","embeddable":true,"href":"https:\/\/docosmetics.ch\/shop\/wp-json\/wp\/v2\/product_cat?post=54"},{"taxonomy":"product_tag","embeddable":true,"href":"https:\/\/docosmetics.ch\/shop\/wp-json\/wp\/v2\/product_tag?post=54"}],"curies":[{"name":"wp","href":"https:\/\/api.w.org\/{rel}","templated":true}]}}