{"id":56,"date":"2026-03-22T11:13:36","date_gmt":"2026-03-22T11:13:36","guid":{"rendered":"https:\/\/shop.docosmetics.ch\/?post_type=product&#038;p=56"},"modified":"2026-04-05T10:55:37","modified_gmt":"2026-04-05T10:55:37","slug":"is-clinical-active-peel-system","status":"publish","type":"product","link":"https:\/\/docosmetics.ch\/shop\/produkt\/is-clinical-active-peel-system\/","title":{"rendered":"iS Clinical ACTIVE PEEL SYSTEM"},"content":{"rendered":"<p><b>ACTIVE PEEL SYSTEM<\/b>\u00a0ist ein ausgeglichenes System, das dazu beitr\u00e4gt, das Erscheinungsbild von Hautton und -struktur zu verbessern. Das Ergebnis ist ein glatter, hydratisierter und jugendlicher aussehender Teint.<\/p>\n<p><b>Schritt 1:<\/b><br \/>\nErm\u00f6glicht ein kontrolliertes Peeling, mit einer gesch\u00fctzten Kombination aus leistungsstarken und dennoch sanften botanischen S\u00e4uren in Verbindung mit beruhigenden, pflegenden botanischen Extrakten.<\/p>\n<p><b>Schritt 2:<\/b><br \/>\nVersorgt die Haut mit Feuchtigkeit und verj\u00fcngt sie mit unserer patentierten pflanzlichen Extremozyme-Technologie und Copper Tripeptide-1 in Kombination mit beruhigenden Pflanzenwirkstoffen.<\/p>\n<p><b>ACTIVE PEEL SYSTEM<\/b>\u00a0wird in einer Box mit 15 Behandlungssets von Peel-Pads (1 + 2) erh\u00e4ltlich sein. PH-Werte: SCHRITT 1: 4,0 pH +\/- 0,5, SCHRITT 2: 6,0 pH +\/- 0,5<\/p>\n<p>Empfohlen f\u00fcr die Anwendung jeden zweiten Tag (abends) f\u00fcr einen Monat &#171;SkinCare Boot Camp\u201d.<\/p>\n<p><b>VORTEILE:<\/b><br \/>\n\u2022 Reduziert das Auftreten von \u00acfeinen Linien, F\u00e4ltchen und Porengr\u00f6\u00dfe<br \/>\n\u2022 Kraftvoll und dennoch sanft erfrischt die Haut<br \/>\n\u2022 Verbessert Hautton, Textur und Geschmeidigkeit<br \/>\n\u2022 Liefert schnelle und langfristige Ergebnisse<br \/>\n\u2022 Unterst\u00fctzt die Kollagen- und Elastinproduktion<br \/>\n\u2022 Verbessert die allgemeine Gesundheit und Integrit\u00e4t der Haut<\/p>\n<p>WICHTIGE HAUPTWIRKSTOFFE:<\/p>\n<p><b>HAUPTWIRKSTOFFE SCHRITT 1:<\/b><br \/>\n<b>SACCHARUM OFFICINARUM (ZUCKERROHR) EXTRAKT 8,0%<\/b><br \/>\nF\u00f6rdert die Exfoliation der Startum Corneum.<br \/>\n<b>FRUCHTS\u00c4UREEXTRAKTE 6,0%<\/b><br \/>\nNat\u00fcrliche Frucht- und Zuckers\u00e4uren f\u00f6rdern die Abschuppung und erh\u00f6hen den Zellumsatz, gl\u00e4tten die Haut und verringern feine Linien und F\u00e4ltchen, w\u00e4hrend sie ein tiefes Eindringen der Inhaltsstoffe erm\u00f6glichen.<br \/>\n<b>HAMAMELIS VIRGINIANA WASSER 5%<\/b><br \/>\nStarkes entz\u00fcndungshemmendes Mittel, das Galluss\u00e4ure und Gerbstoffe enth\u00e4lt, die vor Hautsch\u00e4den sch\u00fctzen, Akne bek\u00e4mpfen und die Haut beruhigen.<br \/>\n<b>SILBERWEIDENRINDEN EXTRAKT (Salicys\u00e4urequelle) 3,0%<\/b><br \/>\nF\u00f6rdert die Abschuppung durch &#171;Aufl\u00f6sung&#187; des interzellul\u00e4ren &#171;Zements&#187; ohne entz\u00fcndliche Wirkung. Reinigt auch die Poren und entfernt Ablagerungen in den Haarfollikeln.<br \/>\n<b>ALOE VERA, ALOE BARBADENSIS LEAF JUICE 2,0%<\/b><br \/>\nEntz\u00fcndungshemmendes Mittel, das die Wundheilung und die Kollagensynthese f\u00f6rdert und antimikrobielle Eigenschaften enth\u00e4lt.<\/p>\n<p><b>HAUPTWIRKSTOFFE SCHRITT 2:<\/b><br \/>\n<b>EXTREMOZYMES 7,0%<\/b><br \/>\nEine patentrechtlich gesch\u00fctzte Kombination extremophiler Enzyme, die klinisch erwiesenerma\u00dfen empfindliche Proteine und DNA-Komponenten sch\u00fctzt und repariert.<br \/>\n<b>PENTYLENE GLYCOL 3%<\/b><br \/>\nAus Zuckerrohrmasse gewonnenes Glykol, das Feuchtigkeit spendet und das Produkt vor sch\u00e4dlichen Bakterien sch\u00fctzt und aufgrund seines Herstellungsprozesses weniger Auswirkungen auf die Umwelt hat.<br \/>\n<b>COPPER TRIPEPTID WACHSTUMSFAKTOR (BIOIDENTISCH) 5%<\/b><br \/>\nCopper Tripeptide-1 (bioidentischl) stimuliert klinisch erwiesenerma\u00dfen die Kollagensynthese in den Hautfibroblasten und erh\u00f6ht die Akkumulation von Gesamtproteinen, Glykosaminoglykanen und DNA in dermalen Wunden.<\/p>\n","protected":false},"excerpt":{"rendered":"<p>ACTIVE PEEL SYSTEM\u00a0ist ein ausgeglichenes System, das dazu beitr\u00e4gt, das Erscheinungsbild von Hautton und -struktur zu verbessern. Das Ergebnis ist ein glatter, hydratisierter und jugendlicher aussehender Teint. Schritt 1: Erm\u00f6glicht ein kontrolliertes Peeling, mit einer gesch\u00fctzten Kombination aus leistungsstarken und dennoch sanften botanischen S\u00e4uren in Verbindung mit beruhigenden, pflegenden botanischen Extrakten. Schritt 2: Versorgt die [&hellip;]<\/p>\n","protected":false},"featured_media":59,"template":"","meta":[],"product_brand":[25],"product_cat":[22],"product_tag":[],"class_list":{"0":"post-56","1":"product","2":"type-product","3":"status-publish","4":"has-post-thumbnail","6":"product_brand-is-clinical","7":"product_cat-korrektur","9":"first","10":"instock","11":"shipping-taxable","12":"purchasable","13":"product-type-simple"},"_links":{"self":[{"href":"https:\/\/docosmetics.ch\/shop\/wp-json\/wp\/v2\/product\/56","targetHints":{"allow":["GET"]}}],"collection":[{"href":"https:\/\/docosmetics.ch\/shop\/wp-json\/wp\/v2\/product"}],"about":[{"href":"https:\/\/docosmetics.ch\/shop\/wp-json\/wp\/v2\/types\/product"}],"wp:featuredmedia":[{"embeddable":true,"href":"https:\/\/docosmetics.ch\/shop\/wp-json\/wp\/v2\/media\/59"}],"wp:attachment":[{"href":"https:\/\/docosmetics.ch\/shop\/wp-json\/wp\/v2\/media?parent=56"}],"wp:term":[{"taxonomy":"product_brand","embeddable":true,"href":"https:\/\/docosmetics.ch\/shop\/wp-json\/wp\/v2\/product_brand?post=56"},{"taxonomy":"product_cat","embeddable":true,"href":"https:\/\/docosmetics.ch\/shop\/wp-json\/wp\/v2\/product_cat?post=56"},{"taxonomy":"product_tag","embeddable":true,"href":"https:\/\/docosmetics.ch\/shop\/wp-json\/wp\/v2\/product_tag?post=56"}],"curies":[{"name":"wp","href":"https:\/\/api.w.org\/{rel}","templated":true}]}}