{"id":97,"date":"2026-04-05T10:02:20","date_gmt":"2026-04-05T10:02:20","guid":{"rendered":"https:\/\/docosmetics.ch\/shop\/?post_type=product&#038;p=97"},"modified":"2026-04-05T10:02:20","modified_gmt":"2026-04-05T10:02:20","slug":"eclipse-spf-50-perfectint-beige-100g","status":"publish","type":"product","link":"https:\/\/docosmetics.ch\/shop\/produkt\/eclipse-spf-50-perfectint-beige-100g\/","title":{"rendered":"iS Clinical ECLIPSE SPF 50+ PERFECTINT BEIGE (100g)"},"content":{"rendered":"<p><b><i>ECLIPSE SPF 50+<\/i><\/b>\u00a0ist eine einzigartige Verbindung aus wissenschaftlich hochentwickelten physikalischen Sonnenschutzmitteln \u2013 transparentem Titandioxid und mikronisiertem Zinkoxid \u2013 und purem Vitamin E und wurde speziell f\u00fcr den t\u00e4glichen Gebrauch und ausgiebige Aktivit\u00e4ten im Freien zusammengesetzt. Diese Mischung ist reich an Antioxidantien und bietet einen hervorragenden wasserfesten Breitband-UVA\/UVB-Schutz.<i><b>\u00a0ECLIPSE SPF 50+<\/b><\/i>\u00a0ist eine hauchzarte, leichte Formel, die schnell in die Haut einzieht und keinen fettigen Film hinterl\u00e4sst.<\/p>\n<p>WIRKUNGSWEISE<\/p>\n<ul>\n<li>Bietet einen durchweg physikalischen Breitband-UVA\/UVB-Schutz<\/li>\n<li>Hauchzart, zieht schnell ein und hinterl\u00e4sst ein schwereloses Finish<\/li>\n<li>Wasserfest<\/li>\n<li>Parabenfrei<\/li>\n<\/ul>\n<p>Extremozymes\u00ae<br \/>\nEine Kombination von extremophilen Enzymen (Extremozymes\u00ae) um Proteine \/ DNA der Zellen zu sch\u00fctzen und zu reparieren.<\/p>\n<p>Octinoxate 5,5 %<br \/>\nOctinoxat ist ein 1:1-Gemisch aus zwei isomeren chemischen Verbindungen aus der Gruppe der Zimts\u00e4ureester sowie ein UV-Filter, welcher in Sonnencremes verwendet wird. Sicherer physikalische Breitspektrum-UVA \/ UVB-Sonnenschutzwirkstoff bietet eine physikalische Barriere und absorbiert UV-Strahlung.<\/p>\n<p>Vitamin E 3.6 %<br \/>\nPotentes lipophiler Antioxidant. Hemmt die DNA-Sch\u00e4den. Sch\u00fctzt vor UV-induzierte Lichtsch\u00e4den.<\/p>\n<p>Zink Oxid (mikronisiert) 4,12 %<br \/>\nSicherer, physikalischer Breitband Filter UVA\/UVB. Absorbiert UVA\/ UVB Strahlung.<\/p>\n","protected":false},"excerpt":{"rendered":"<p>ECLIPSE SPF 50+\u00a0ist eine einzigartige Verbindung aus wissenschaftlich hochentwickelten physikalischen Sonnenschutzmitteln \u2013 transparentem Titandioxid und mikronisiertem Zinkoxid \u2013 und purem Vitamin E und wurde speziell f\u00fcr den t\u00e4glichen Gebrauch und ausgiebige Aktivit\u00e4ten im Freien zusammengesetzt. Diese Mischung ist reich an Antioxidantien und bietet einen hervorragenden wasserfesten Breitband-UVA\/UVB-Schutz.\u00a0ECLIPSE SPF 50+\u00a0ist eine hauchzarte, leichte Formel, die schnell [&hellip;]<\/p>\n","protected":false},"featured_media":98,"template":"","meta":[],"product_brand":[25],"product_cat":[24],"product_tag":[],"class_list":{"0":"post-97","1":"product","2":"type-product","3":"status-publish","4":"has-post-thumbnail","6":"product_brand-is-clinical","7":"product_cat-sonnenschutz","9":"first","10":"instock","11":"shipping-taxable","12":"purchasable","13":"product-type-simple"},"_links":{"self":[{"href":"https:\/\/docosmetics.ch\/shop\/wp-json\/wp\/v2\/product\/97","targetHints":{"allow":["GET"]}}],"collection":[{"href":"https:\/\/docosmetics.ch\/shop\/wp-json\/wp\/v2\/product"}],"about":[{"href":"https:\/\/docosmetics.ch\/shop\/wp-json\/wp\/v2\/types\/product"}],"wp:featuredmedia":[{"embeddable":true,"href":"https:\/\/docosmetics.ch\/shop\/wp-json\/wp\/v2\/media\/98"}],"wp:attachment":[{"href":"https:\/\/docosmetics.ch\/shop\/wp-json\/wp\/v2\/media?parent=97"}],"wp:term":[{"taxonomy":"product_brand","embeddable":true,"href":"https:\/\/docosmetics.ch\/shop\/wp-json\/wp\/v2\/product_brand?post=97"},{"taxonomy":"product_cat","embeddable":true,"href":"https:\/\/docosmetics.ch\/shop\/wp-json\/wp\/v2\/product_cat?post=97"},{"taxonomy":"product_tag","embeddable":true,"href":"https:\/\/docosmetics.ch\/shop\/wp-json\/wp\/v2\/product_tag?post=97"}],"curies":[{"name":"wp","href":"https:\/\/api.w.org\/{rel}","templated":true}]}}