{"id":99,"date":"2026-04-05T10:02:20","date_gmt":"2026-04-05T10:02:20","guid":{"rendered":"https:\/\/docosmetics.ch\/shop\/?post_type=product&#038;p=99"},"modified":"2026-04-05T10:02:20","modified_gmt":"2026-04-05T10:02:20","slug":"hydra-cool-serum-15ml","status":"publish","type":"product","link":"https:\/\/docosmetics.ch\/shop\/produkt\/hydra-cool-serum-15ml\/","title":{"rendered":"iS Clinical HYDRA-COOL SERUM (15ml)"},"content":{"rendered":"<p>Das\u00a0<i><b>HYDRA-COOL\u00ae SERUM<\/b><\/i>\u00a0ist so formuliert, dass es die Haut verj\u00fcngt, Feuchtigkeit spendet und beruhigt. Dieses erfrischende, wirkungsvolle, eindringende Serum kombiniert wertvollste Antioxidantien mit essentiellen Pflanzenstoffen und nat\u00fcrlichen N\u00e4hrstoffen. Hervorragend geeignet, um Sonnenbrand und das brennende Gef\u00fchl auf frisch rasierter Haut zu lindern. Das\u00a0<i><b>HYDRA-COOL SERUM<\/b><\/i>\u00a0hilft au\u00dferdem gegen Akne. Es\u00a0ist f\u00fcr alle Hauttypen geeignet und sogar f\u00fcr die sensibelste Haut sanft genug.<\/p>\n<p>WIRKUNGSWEISE<\/p>\n<ul>\n<li>Spendet intensive, eindringende Feuchtigkeit<\/li>\n<li>K\u00fchlt und beruhigt trockene, irritierte oder gesch\u00e4digte Haut<\/li>\n<li>Hilft leichte Akne und Sonnenbrand zu lindern, w\u00e4hrend es antioxidativen Schutz bietet<\/li>\n<li>Hervorragend zur Anwendung nach der Rasur bei M\u00e4nnern geeignet<\/li>\n<li>Hervorragend auf Reisen (hilft den Feuchtigkeitsverlust bei Flugreisen auszugleichen)<\/li>\n<li>Kann mit allen \u201eActive\u201c-Behandlungsprodukten kombiniert werden, um die Haut bei der Akklimatisierung zu unterst\u00fctzen<\/li>\n<li>Revitalisiert alternde und strapazierte Haut<\/li>\n<li>Ideale Make-up Grundlage<\/li>\n<li>Parabenfrei<\/li>\n<\/ul>\n<p>Pflanzliche Hyalurons\u00e4ure 25,0%<br \/>\nBindet bis zu 1800-fache seines Molekulargewichts in Wasser.\u00a0Vitamin B5 5,5%<br \/>\nWesentliches Element f\u00fcr enzymatische Funktionen, die in allen Zellen erforderlich sind. F\u00f6rdert die Mikrozirkulation. Unverzichtbar f\u00fcr alle Zellen, f\u00f6rdert die Wundheilung.\u00a0Centella Asiatica 0,1%<br \/>\nWirkt hochwirksam antioxidativ und beruhigend.<\/p>\n","protected":false},"excerpt":{"rendered":"<p>Das\u00a0HYDRA-COOL\u00ae SERUM\u00a0ist so formuliert, dass es die Haut verj\u00fcngt, Feuchtigkeit spendet und beruhigt. Dieses erfrischende, wirkungsvolle, eindringende Serum kombiniert wertvollste Antioxidantien mit essentiellen Pflanzenstoffen und nat\u00fcrlichen N\u00e4hrstoffen. Hervorragend geeignet, um Sonnenbrand und das brennende Gef\u00fchl auf frisch rasierter Haut zu lindern. Das\u00a0HYDRA-COOL SERUM\u00a0hilft au\u00dferdem gegen Akne. Es\u00a0ist f\u00fcr alle Hauttypen geeignet und sogar f\u00fcr die [&hellip;]<\/p>\n","protected":false},"featured_media":100,"template":"","meta":[],"product_brand":[25],"product_cat":[22],"product_tag":[],"class_list":{"0":"post-99","1":"product","2":"type-product","3":"status-publish","4":"has-post-thumbnail","6":"product_brand-is-clinical","7":"product_cat-korrektur","9":"first","10":"instock","11":"shipping-taxable","12":"purchasable","13":"product-type-simple"},"_links":{"self":[{"href":"https:\/\/docosmetics.ch\/shop\/wp-json\/wp\/v2\/product\/99","targetHints":{"allow":["GET"]}}],"collection":[{"href":"https:\/\/docosmetics.ch\/shop\/wp-json\/wp\/v2\/product"}],"about":[{"href":"https:\/\/docosmetics.ch\/shop\/wp-json\/wp\/v2\/types\/product"}],"wp:featuredmedia":[{"embeddable":true,"href":"https:\/\/docosmetics.ch\/shop\/wp-json\/wp\/v2\/media\/100"}],"wp:attachment":[{"href":"https:\/\/docosmetics.ch\/shop\/wp-json\/wp\/v2\/media?parent=99"}],"wp:term":[{"taxonomy":"product_brand","embeddable":true,"href":"https:\/\/docosmetics.ch\/shop\/wp-json\/wp\/v2\/product_brand?post=99"},{"taxonomy":"product_cat","embeddable":true,"href":"https:\/\/docosmetics.ch\/shop\/wp-json\/wp\/v2\/product_cat?post=99"},{"taxonomy":"product_tag","embeddable":true,"href":"https:\/\/docosmetics.ch\/shop\/wp-json\/wp\/v2\/product_tag?post=99"}],"curies":[{"name":"wp","href":"https:\/\/api.w.org\/{rel}","templated":true}]}}